{"id":849,"date":"2023-03-16T13:03:06","date_gmt":"2023-03-16T13:03:06","guid":{"rendered":"https:\/\/klc-dz.com\/kinglc\/?post_type=product&#038;p=849"},"modified":"2023-03-16T13:42:04","modified_gmt":"2023-03-16T13:42:04","slug":"kodak-e1030","status":"publish","type":"product","link":"https:\/\/klc-dz.com\/kinglc\/produits\/kodak-alaris\/kodak-e1030\/","title":{"rendered":"KODAK E1030"},"content":{"rendered":"","protected":false},"excerpt":{"rendered":"<div class=\"col-xs-12 col-sm-6 col-md-12 product-detail--container-features\">\n<section class=\"product-detail--section product-detail--key-features\"><strong>Scannez. Envoyez. C\u2019est Termin\u00e9<\/strong>. Les nouveaux scanners KODAK E1030 et E1040\u00a0sont les scanners les plus productifs et les plus faciles \u00e0 utiliser de leur cat\u00e9gorie. Transformez rapidement et pr\u00e9cis\u00e9ment les documents papier en donn\u00e9es directement exploitables par votre entreprise.<\/section>\n<\/div>\n","protected":false},"featured_media":851,"comment_status":"closed","ping_status":"closed","template":"","meta":{"_mo_disable_npp":""},"yoast_head":"<!-- This site is optimized with the Yoast SEO plugin v20.6 - https:\/\/yoast.com\/wordpress\/plugins\/seo\/ -->\n<title>KODAK E1030 - KLC<\/title>\n<meta name=\"robots\" content=\"index, follow, max-snippet:-1, max-image-preview:large, max-video-preview:-1\" \/>\n<link rel=\"canonical\" href=\"https:\/\/klc-dz.com\/kinglc\/produits\/kodak-alaris\/kodak-e1030\/\" \/>\n<meta property=\"og:locale\" content=\"fr_FR\" \/>\n<meta property=\"og:type\" content=\"article\" \/>\n<meta property=\"og:title\" content=\"KODAK E1030 - KLC\" \/>\n<meta property=\"og:description\" content=\"Scannez. Envoyez. C\u2019est Termin\u00e9. Les nouveaux scanners KODAK E1030 et E1040\u00a0sont les scanners les plus productifs et les plus faciles \u00e0 utiliser de leur cat\u00e9gorie. Transformez rapidement et pr\u00e9cis\u00e9ment les documents papier en donn\u00e9es directement exploitables par votre entreprise.\" \/>\n<meta property=\"og:url\" content=\"https:\/\/klc-dz.com\/kinglc\/produits\/kodak-alaris\/kodak-e1030\/\" \/>\n<meta property=\"og:site_name\" content=\"KLC\" \/>\n<meta property=\"article:modified_time\" content=\"2023-03-16T13:42:04+00:00\" \/>\n<meta property=\"og:image\" content=\"https:\/\/klc-dz.com\/kinglc\/wp-content\/uploads\/2023\/03\/KODAKE1030ScannerPhotographyLeft3.webp\" \/>\n\t<meta property=\"og:image:width\" content=\"800\" \/>\n\t<meta property=\"og:image:height\" content=\"800\" \/>\n\t<meta property=\"og:image:type\" content=\"image\/webp\" \/>\n<meta name=\"twitter:card\" content=\"summary_large_image\" \/>\n<script type=\"application\/ld+json\" class=\"yoast-schema-graph\">{\"@context\":\"https:\/\/schema.org\",\"@graph\":[{\"@type\":\"WebPage\",\"@id\":\"https:\/\/klc-dz.com\/kinglc\/produits\/kodak-alaris\/kodak-e1030\/\",\"url\":\"https:\/\/klc-dz.com\/kinglc\/produits\/kodak-alaris\/kodak-e1030\/\",\"name\":\"KODAK E1030 - KLC\",\"isPartOf\":{\"@id\":\"https:\/\/klc-dz.com\/kinglc\/#website\"},\"datePublished\":\"2023-03-16T13:03:06+00:00\",\"dateModified\":\"2023-03-16T13:42:04+00:00\",\"breadcrumb\":{\"@id\":\"https:\/\/klc-dz.com\/kinglc\/produits\/kodak-alaris\/kodak-e1030\/#breadcrumb\"},\"inLanguage\":\"fr-FR\",\"potentialAction\":[{\"@type\":\"ReadAction\",\"target\":[\"https:\/\/klc-dz.com\/kinglc\/produits\/kodak-alaris\/kodak-e1030\/\"]}]},{\"@type\":\"BreadcrumbList\",\"@id\":\"https:\/\/klc-dz.com\/kinglc\/produits\/kodak-alaris\/kodak-e1030\/#breadcrumb\",\"itemListElement\":[{\"@type\":\"ListItem\",\"position\":1,\"name\":\"Home\",\"item\":\"https:\/\/klc-dz.com\/kinglc\/\"},{\"@type\":\"ListItem\",\"position\":2,\"name\":\"Produits\",\"item\":\"https:\/\/klc-dz.com\/kinglc\/produits\/\"},{\"@type\":\"ListItem\",\"position\":3,\"name\":\"KODAK E1030\"}]},{\"@type\":\"WebSite\",\"@id\":\"https:\/\/klc-dz.com\/kinglc\/#website\",\"url\":\"https:\/\/klc-dz.com\/kinglc\/\",\"name\":\"KLC\",\"description\":\"\",\"potentialAction\":[{\"@type\":\"SearchAction\",\"target\":{\"@type\":\"EntryPoint\",\"urlTemplate\":\"https:\/\/klc-dz.com\/kinglc\/?s={search_term_string}\"},\"query-input\":\"required name=search_term_string\"}],\"inLanguage\":\"fr-FR\"}]}<\/script>\n<!-- \/ Yoast SEO plugin. -->","yoast_head_json":{"title":"KODAK E1030 - KLC","robots":{"index":"index","follow":"follow","max-snippet":"max-snippet:-1","max-image-preview":"max-image-preview:large","max-video-preview":"max-video-preview:-1"},"canonical":"https:\/\/klc-dz.com\/kinglc\/produits\/kodak-alaris\/kodak-e1030\/","og_locale":"fr_FR","og_type":"article","og_title":"KODAK E1030 - KLC","og_description":"Scannez. Envoyez. C\u2019est Termin\u00e9. Les nouveaux scanners KODAK E1030 et E1040\u00a0sont les scanners les plus productifs et les plus faciles \u00e0 utiliser de leur cat\u00e9gorie. Transformez rapidement et pr\u00e9cis\u00e9ment les documents papier en donn\u00e9es directement exploitables par votre entreprise.","og_url":"https:\/\/klc-dz.com\/kinglc\/produits\/kodak-alaris\/kodak-e1030\/","og_site_name":"KLC","article_modified_time":"2023-03-16T13:42:04+00:00","og_image":[{"width":800,"height":800,"url":"https:\/\/klc-dz.com\/kinglc\/wp-content\/uploads\/2023\/03\/KODAKE1030ScannerPhotographyLeft3.webp","type":"image\/webp"}],"twitter_card":"summary_large_image","schema":{"@context":"https:\/\/schema.org","@graph":[{"@type":"WebPage","@id":"https:\/\/klc-dz.com\/kinglc\/produits\/kodak-alaris\/kodak-e1030\/","url":"https:\/\/klc-dz.com\/kinglc\/produits\/kodak-alaris\/kodak-e1030\/","name":"KODAK E1030 - KLC","isPartOf":{"@id":"https:\/\/klc-dz.com\/kinglc\/#website"},"datePublished":"2023-03-16T13:03:06+00:00","dateModified":"2023-03-16T13:42:04+00:00","breadcrumb":{"@id":"https:\/\/klc-dz.com\/kinglc\/produits\/kodak-alaris\/kodak-e1030\/#breadcrumb"},"inLanguage":"fr-FR","potentialAction":[{"@type":"ReadAction","target":["https:\/\/klc-dz.com\/kinglc\/produits\/kodak-alaris\/kodak-e1030\/"]}]},{"@type":"BreadcrumbList","@id":"https:\/\/klc-dz.com\/kinglc\/produits\/kodak-alaris\/kodak-e1030\/#breadcrumb","itemListElement":[{"@type":"ListItem","position":1,"name":"Home","item":"https:\/\/klc-dz.com\/kinglc\/"},{"@type":"ListItem","position":2,"name":"Produits","item":"https:\/\/klc-dz.com\/kinglc\/produits\/"},{"@type":"ListItem","position":3,"name":"KODAK E1030"}]},{"@type":"WebSite","@id":"https:\/\/klc-dz.com\/kinglc\/#website","url":"https:\/\/klc-dz.com\/kinglc\/","name":"KLC","description":"","potentialAction":[{"@type":"SearchAction","target":{"@type":"EntryPoint","urlTemplate":"https:\/\/klc-dz.com\/kinglc\/?s={search_term_string}"},"query-input":"required name=search_term_string"}],"inLanguage":"fr-FR"}]}},"_links":{"self":[{"href":"https:\/\/klc-dz.com\/kinglc\/wp-json\/wp\/v2\/product\/849"}],"collection":[{"href":"https:\/\/klc-dz.com\/kinglc\/wp-json\/wp\/v2\/product"}],"about":[{"href":"https:\/\/klc-dz.com\/kinglc\/wp-json\/wp\/v2\/types\/product"}],"replies":[{"embeddable":true,"href":"https:\/\/klc-dz.com\/kinglc\/wp-json\/wp\/v2\/comments?post=849"}],"wp:featuredmedia":[{"embeddable":true,"href":"https:\/\/klc-dz.com\/kinglc\/wp-json\/wp\/v2\/media\/851"}],"wp:attachment":[{"href":"https:\/\/klc-dz.com\/kinglc\/wp-json\/wp\/v2\/media?parent=849"}],"curies":[{"name":"wp","href":"https:\/\/api.w.org\/{rel}","templated":true}]}}