{"id":832,"date":"2022-12-17T17:25:16","date_gmt":"2022-12-17T17:25:16","guid":{"rendered":"https:\/\/klc-dz.com\/kinglc\/?post_type=product&#038;p=832"},"modified":"2022-12-17T17:37:38","modified_gmt":"2022-12-17T17:37:38","slug":"ads-2200","status":"publish","type":"product","link":"https:\/\/klc-dz.com\/kinglc\/produits\/brother\/scanner\/ads-2200\/","title":{"rendered":"ADS 2200"},"content":{"rendered":"","protected":false},"excerpt":{"rendered":"<div class=\"col-xs-12 col-sm-6 col-md-12 product-detail--container-features\">\n<section class=\"product-detail--section product-detail--key-features\">Performant. Simple d&#8217;utilisation. Pens\u00e9 pour les professionnels.<\/p>\n<p>Le scanner ADS-2200 a \u00e9t\u00e9 pens\u00e9 pour s&#8217;int\u00e9grer en toute simplicit\u00e9 au sein des environnements de travail.<\/p>\n<p>Fiable, il permet aux collaborateurs de d\u00e9mat\u00e9rialiser l&#8217;ensemble de leurs documents, tout en garantissant la protection des potentielles donn\u00e9es sensibles.<\/p>\n<\/section>\n<\/div>\n","protected":false},"featured_media":836,"comment_status":"closed","ping_status":"closed","template":"","meta":{"_mo_disable_npp":""},"yoast_head":"<!-- This site is optimized with the Yoast SEO plugin v20.6 - https:\/\/yoast.com\/wordpress\/plugins\/seo\/ -->\n<title>ADS 2200 - KLC<\/title>\n<meta name=\"robots\" content=\"index, follow, max-snippet:-1, max-image-preview:large, max-video-preview:-1\" \/>\n<link rel=\"canonical\" href=\"https:\/\/klc-dz.com\/kinglc\/produits\/brother\/scanner\/ads-2200\/\" \/>\n<meta property=\"og:locale\" content=\"fr_FR\" \/>\n<meta property=\"og:type\" content=\"article\" \/>\n<meta property=\"og:title\" content=\"ADS 2200 - KLC\" \/>\n<meta property=\"og:description\" content=\"Performant. Simple d&#039;utilisation. Pens\u00e9 pour les professionnels.  Le scanner ADS-2200 a \u00e9t\u00e9 pens\u00e9 pour s&#039;int\u00e9grer en toute simplicit\u00e9 au sein des environnements de travail.  Fiable, il permet aux collaborateurs de d\u00e9mat\u00e9rialiser l&#039;ensemble de leurs documents, tout en garantissant la protection des potentielles donn\u00e9es sensibles.\" \/>\n<meta property=\"og:url\" content=\"https:\/\/klc-dz.com\/kinglc\/produits\/brother\/scanner\/ads-2200\/\" \/>\n<meta property=\"og:site_name\" content=\"KLC\" \/>\n<meta property=\"article:modified_time\" content=\"2022-12-17T17:37:38+00:00\" \/>\n<meta property=\"og:image\" content=\"https:\/\/klc-dz.com\/kinglc\/wp-content\/uploads\/2022\/12\/ADS2200webp.webp\" \/>\n\t<meta property=\"og:image:width\" content=\"542\" \/>\n\t<meta property=\"og:image:height\" content=\"340\" \/>\n\t<meta property=\"og:image:type\" content=\"image\/webp\" \/>\n<meta name=\"twitter:card\" content=\"summary_large_image\" \/>\n<script type=\"application\/ld+json\" class=\"yoast-schema-graph\">{\"@context\":\"https:\/\/schema.org\",\"@graph\":[{\"@type\":\"WebPage\",\"@id\":\"https:\/\/klc-dz.com\/kinglc\/produits\/brother\/scanner\/ads-2200\/\",\"url\":\"https:\/\/klc-dz.com\/kinglc\/produits\/brother\/scanner\/ads-2200\/\",\"name\":\"ADS 2200 - KLC\",\"isPartOf\":{\"@id\":\"https:\/\/klc-dz.com\/kinglc\/#website\"},\"datePublished\":\"2022-12-17T17:25:16+00:00\",\"dateModified\":\"2022-12-17T17:37:38+00:00\",\"breadcrumb\":{\"@id\":\"https:\/\/klc-dz.com\/kinglc\/produits\/brother\/scanner\/ads-2200\/#breadcrumb\"},\"inLanguage\":\"fr-FR\",\"potentialAction\":[{\"@type\":\"ReadAction\",\"target\":[\"https:\/\/klc-dz.com\/kinglc\/produits\/brother\/scanner\/ads-2200\/\"]}]},{\"@type\":\"BreadcrumbList\",\"@id\":\"https:\/\/klc-dz.com\/kinglc\/produits\/brother\/scanner\/ads-2200\/#breadcrumb\",\"itemListElement\":[{\"@type\":\"ListItem\",\"position\":1,\"name\":\"Home\",\"item\":\"https:\/\/klc-dz.com\/kinglc\/\"},{\"@type\":\"ListItem\",\"position\":2,\"name\":\"Produits\",\"item\":\"https:\/\/klc-dz.com\/kinglc\/produits\/\"},{\"@type\":\"ListItem\",\"position\":3,\"name\":\"ADS 2200\"}]},{\"@type\":\"WebSite\",\"@id\":\"https:\/\/klc-dz.com\/kinglc\/#website\",\"url\":\"https:\/\/klc-dz.com\/kinglc\/\",\"name\":\"KLC\",\"description\":\"\",\"potentialAction\":[{\"@type\":\"SearchAction\",\"target\":{\"@type\":\"EntryPoint\",\"urlTemplate\":\"https:\/\/klc-dz.com\/kinglc\/?s={search_term_string}\"},\"query-input\":\"required name=search_term_string\"}],\"inLanguage\":\"fr-FR\"}]}<\/script>\n<!-- \/ Yoast SEO plugin. -->","yoast_head_json":{"title":"ADS 2200 - KLC","robots":{"index":"index","follow":"follow","max-snippet":"max-snippet:-1","max-image-preview":"max-image-preview:large","max-video-preview":"max-video-preview:-1"},"canonical":"https:\/\/klc-dz.com\/kinglc\/produits\/brother\/scanner\/ads-2200\/","og_locale":"fr_FR","og_type":"article","og_title":"ADS 2200 - KLC","og_description":"Performant. Simple d'utilisation. Pens\u00e9 pour les professionnels.  Le scanner ADS-2200 a \u00e9t\u00e9 pens\u00e9 pour s'int\u00e9grer en toute simplicit\u00e9 au sein des environnements de travail.  Fiable, il permet aux collaborateurs de d\u00e9mat\u00e9rialiser l'ensemble de leurs documents, tout en garantissant la protection des potentielles donn\u00e9es sensibles.","og_url":"https:\/\/klc-dz.com\/kinglc\/produits\/brother\/scanner\/ads-2200\/","og_site_name":"KLC","article_modified_time":"2022-12-17T17:37:38+00:00","og_image":[{"width":542,"height":340,"url":"https:\/\/klc-dz.com\/kinglc\/wp-content\/uploads\/2022\/12\/ADS2200webp.webp","type":"image\/webp"}],"twitter_card":"summary_large_image","schema":{"@context":"https:\/\/schema.org","@graph":[{"@type":"WebPage","@id":"https:\/\/klc-dz.com\/kinglc\/produits\/brother\/scanner\/ads-2200\/","url":"https:\/\/klc-dz.com\/kinglc\/produits\/brother\/scanner\/ads-2200\/","name":"ADS 2200 - KLC","isPartOf":{"@id":"https:\/\/klc-dz.com\/kinglc\/#website"},"datePublished":"2022-12-17T17:25:16+00:00","dateModified":"2022-12-17T17:37:38+00:00","breadcrumb":{"@id":"https:\/\/klc-dz.com\/kinglc\/produits\/brother\/scanner\/ads-2200\/#breadcrumb"},"inLanguage":"fr-FR","potentialAction":[{"@type":"ReadAction","target":["https:\/\/klc-dz.com\/kinglc\/produits\/brother\/scanner\/ads-2200\/"]}]},{"@type":"BreadcrumbList","@id":"https:\/\/klc-dz.com\/kinglc\/produits\/brother\/scanner\/ads-2200\/#breadcrumb","itemListElement":[{"@type":"ListItem","position":1,"name":"Home","item":"https:\/\/klc-dz.com\/kinglc\/"},{"@type":"ListItem","position":2,"name":"Produits","item":"https:\/\/klc-dz.com\/kinglc\/produits\/"},{"@type":"ListItem","position":3,"name":"ADS 2200"}]},{"@type":"WebSite","@id":"https:\/\/klc-dz.com\/kinglc\/#website","url":"https:\/\/klc-dz.com\/kinglc\/","name":"KLC","description":"","potentialAction":[{"@type":"SearchAction","target":{"@type":"EntryPoint","urlTemplate":"https:\/\/klc-dz.com\/kinglc\/?s={search_term_string}"},"query-input":"required name=search_term_string"}],"inLanguage":"fr-FR"}]}},"_links":{"self":[{"href":"https:\/\/klc-dz.com\/kinglc\/wp-json\/wp\/v2\/product\/832"}],"collection":[{"href":"https:\/\/klc-dz.com\/kinglc\/wp-json\/wp\/v2\/product"}],"about":[{"href":"https:\/\/klc-dz.com\/kinglc\/wp-json\/wp\/v2\/types\/product"}],"replies":[{"embeddable":true,"href":"https:\/\/klc-dz.com\/kinglc\/wp-json\/wp\/v2\/comments?post=832"}],"wp:featuredmedia":[{"embeddable":true,"href":"https:\/\/klc-dz.com\/kinglc\/wp-json\/wp\/v2\/media\/836"}],"wp:attachment":[{"href":"https:\/\/klc-dz.com\/kinglc\/wp-json\/wp\/v2\/media?parent=832"}],"curies":[{"name":"wp","href":"https:\/\/api.w.org\/{rel}","templated":true}]}}