{"id":566,"date":"2021-03-24T09:03:39","date_gmt":"2021-03-24T09:03:39","guid":{"rendered":"https:\/\/klc-dz.com\/kinglc\/?post_type=product&#038;p=566"},"modified":"2021-03-24T14:41:54","modified_gmt":"2021-03-24T14:41:54","slug":"hl-l3230-cdw","status":"publish","type":"product","link":"https:\/\/klc-dz.com\/kinglc\/produits\/brother\/couleur\/hl-l3230-cdw\/","title":{"rendered":"HL-L3230 CDW"},"content":{"rendered":"","protected":false},"excerpt":{"rendered":"<div class=\"col-xs-12 col-sm-6 col-md-12 product-detail--container-description\"><\/div>\n<div class=\"col-xs-12 col-sm-6 col-md-12 product-detail--container-features\">\n<section class=\"product-detail--section product-detail--key-features\">\n<h4 class=\"product-detail--key-features--title\">Principales Fonctionnalit\u00e9s<\/h4>\n<ul class=\"tick-list\">\n<li>Vitesse d&#8217;impression jusqu&#8217;\u00e0 18 pages par minute en noir et en couleur<\/li>\n<li>Impression recto-verso automatique<\/li>\n<li>4 toners de d\u00e9marrage jusqu&#8217;\u00e0 1 000 pages* chacun : noir, cyan, magenta et jaune (*Capacit\u00e9 d\u00e9clar\u00e9e en conformit\u00e9 avec la norme ISO\/IEC19798)<\/li>\n<li>Connectivit\u00e9s USB, R\u00e9seau, WiFi et WiFI Direct<\/li>\n<li>Bac papier de 250 feuilles<\/li>\n<li>Garantie commerciale de 2 ans intervention sur site<\/li>\n<\/ul>\n<\/section>\n<\/div>\n","protected":false},"featured_media":567,"comment_status":"closed","ping_status":"closed","template":"","meta":{"_mo_disable_npp":""},"yoast_head":"<!-- This site is optimized with the Yoast SEO plugin v20.6 - https:\/\/yoast.com\/wordpress\/plugins\/seo\/ -->\n<title>HL-L3230 CDW - KLC<\/title>\n<meta name=\"robots\" content=\"index, follow, max-snippet:-1, max-image-preview:large, max-video-preview:-1\" \/>\n<link rel=\"canonical\" href=\"https:\/\/klc-dz.com\/kinglc\/produits\/brother\/couleur\/hl-l3230-cdw\/\" \/>\n<meta property=\"og:locale\" content=\"fr_FR\" \/>\n<meta property=\"og:type\" content=\"article\" \/>\n<meta property=\"og:title\" content=\"HL-L3230 CDW - KLC\" \/>\n<meta property=\"og:description\" content=\"Principales Fonctionnalit\u00e9s   Vitesse d&#039;impression jusqu&#039;\u00e0 18 pages par minute en noir et en couleur  Impression recto-verso automatique  4 toners de d\u00e9marrage jusqu&#039;\u00e0 1 000 pages* chacun : noir, cyan, magenta et jaune (*Capacit\u00e9 d\u00e9clar\u00e9e en conformit\u00e9 avec la norme ISO\/IEC19798)  Connectivit\u00e9s USB, R\u00e9seau, WiFi et WiFI Direct  Bac papier de 250 feuilles  Garantie commerciale de 2 ans intervention sur site\" \/>\n<meta property=\"og:url\" content=\"https:\/\/klc-dz.com\/kinglc\/produits\/brother\/couleur\/hl-l3230-cdw\/\" \/>\n<meta property=\"og:site_name\" content=\"KLC\" \/>\n<meta property=\"article:modified_time\" content=\"2021-03-24T14:41:54+00:00\" \/>\n<meta property=\"og:image\" content=\"https:\/\/klc-dz.com\/kinglc\/wp-content\/uploads\/2021\/03\/ezgif-6-5bec63bc3d59.jpg\" \/>\n\t<meta property=\"og:image:width\" content=\"542\" \/>\n\t<meta property=\"og:image:height\" content=\"340\" \/>\n\t<meta property=\"og:image:type\" content=\"image\/jpeg\" \/>\n<meta name=\"twitter:card\" content=\"summary_large_image\" \/>\n<script type=\"application\/ld+json\" class=\"yoast-schema-graph\">{\"@context\":\"https:\/\/schema.org\",\"@graph\":[{\"@type\":\"WebPage\",\"@id\":\"https:\/\/klc-dz.com\/kinglc\/produits\/brother\/couleur\/hl-l3230-cdw\/\",\"url\":\"https:\/\/klc-dz.com\/kinglc\/produits\/brother\/couleur\/hl-l3230-cdw\/\",\"name\":\"HL-L3230 CDW - KLC\",\"isPartOf\":{\"@id\":\"https:\/\/klc-dz.com\/kinglc\/#website\"},\"datePublished\":\"2021-03-24T09:03:39+00:00\",\"dateModified\":\"2021-03-24T14:41:54+00:00\",\"breadcrumb\":{\"@id\":\"https:\/\/klc-dz.com\/kinglc\/produits\/brother\/couleur\/hl-l3230-cdw\/#breadcrumb\"},\"inLanguage\":\"fr-FR\",\"potentialAction\":[{\"@type\":\"ReadAction\",\"target\":[\"https:\/\/klc-dz.com\/kinglc\/produits\/brother\/couleur\/hl-l3230-cdw\/\"]}]},{\"@type\":\"BreadcrumbList\",\"@id\":\"https:\/\/klc-dz.com\/kinglc\/produits\/brother\/couleur\/hl-l3230-cdw\/#breadcrumb\",\"itemListElement\":[{\"@type\":\"ListItem\",\"position\":1,\"name\":\"Home\",\"item\":\"https:\/\/klc-dz.com\/kinglc\/\"},{\"@type\":\"ListItem\",\"position\":2,\"name\":\"Produits\",\"item\":\"https:\/\/klc-dz.com\/kinglc\/produits\/\"},{\"@type\":\"ListItem\",\"position\":3,\"name\":\"HL-L3230 CDW\"}]},{\"@type\":\"WebSite\",\"@id\":\"https:\/\/klc-dz.com\/kinglc\/#website\",\"url\":\"https:\/\/klc-dz.com\/kinglc\/\",\"name\":\"KLC\",\"description\":\"\",\"potentialAction\":[{\"@type\":\"SearchAction\",\"target\":{\"@type\":\"EntryPoint\",\"urlTemplate\":\"https:\/\/klc-dz.com\/kinglc\/?s={search_term_string}\"},\"query-input\":\"required name=search_term_string\"}],\"inLanguage\":\"fr-FR\"}]}<\/script>\n<!-- \/ Yoast SEO plugin. -->","yoast_head_json":{"title":"HL-L3230 CDW - KLC","robots":{"index":"index","follow":"follow","max-snippet":"max-snippet:-1","max-image-preview":"max-image-preview:large","max-video-preview":"max-video-preview:-1"},"canonical":"https:\/\/klc-dz.com\/kinglc\/produits\/brother\/couleur\/hl-l3230-cdw\/","og_locale":"fr_FR","og_type":"article","og_title":"HL-L3230 CDW - KLC","og_description":"Principales Fonctionnalit\u00e9s   Vitesse d'impression jusqu'\u00e0 18 pages par minute en noir et en couleur  Impression recto-verso automatique  4 toners de d\u00e9marrage jusqu'\u00e0 1 000 pages* chacun : noir, cyan, magenta et jaune (*Capacit\u00e9 d\u00e9clar\u00e9e en conformit\u00e9 avec la norme ISO\/IEC19798)  Connectivit\u00e9s USB, R\u00e9seau, WiFi et WiFI Direct  Bac papier de 250 feuilles  Garantie commerciale de 2 ans intervention sur site","og_url":"https:\/\/klc-dz.com\/kinglc\/produits\/brother\/couleur\/hl-l3230-cdw\/","og_site_name":"KLC","article_modified_time":"2021-03-24T14:41:54+00:00","og_image":[{"width":542,"height":340,"url":"https:\/\/klc-dz.com\/kinglc\/wp-content\/uploads\/2021\/03\/ezgif-6-5bec63bc3d59.jpg","type":"image\/jpeg"}],"twitter_card":"summary_large_image","schema":{"@context":"https:\/\/schema.org","@graph":[{"@type":"WebPage","@id":"https:\/\/klc-dz.com\/kinglc\/produits\/brother\/couleur\/hl-l3230-cdw\/","url":"https:\/\/klc-dz.com\/kinglc\/produits\/brother\/couleur\/hl-l3230-cdw\/","name":"HL-L3230 CDW - KLC","isPartOf":{"@id":"https:\/\/klc-dz.com\/kinglc\/#website"},"datePublished":"2021-03-24T09:03:39+00:00","dateModified":"2021-03-24T14:41:54+00:00","breadcrumb":{"@id":"https:\/\/klc-dz.com\/kinglc\/produits\/brother\/couleur\/hl-l3230-cdw\/#breadcrumb"},"inLanguage":"fr-FR","potentialAction":[{"@type":"ReadAction","target":["https:\/\/klc-dz.com\/kinglc\/produits\/brother\/couleur\/hl-l3230-cdw\/"]}]},{"@type":"BreadcrumbList","@id":"https:\/\/klc-dz.com\/kinglc\/produits\/brother\/couleur\/hl-l3230-cdw\/#breadcrumb","itemListElement":[{"@type":"ListItem","position":1,"name":"Home","item":"https:\/\/klc-dz.com\/kinglc\/"},{"@type":"ListItem","position":2,"name":"Produits","item":"https:\/\/klc-dz.com\/kinglc\/produits\/"},{"@type":"ListItem","position":3,"name":"HL-L3230 CDW"}]},{"@type":"WebSite","@id":"https:\/\/klc-dz.com\/kinglc\/#website","url":"https:\/\/klc-dz.com\/kinglc\/","name":"KLC","description":"","potentialAction":[{"@type":"SearchAction","target":{"@type":"EntryPoint","urlTemplate":"https:\/\/klc-dz.com\/kinglc\/?s={search_term_string}"},"query-input":"required name=search_term_string"}],"inLanguage":"fr-FR"}]}},"_links":{"self":[{"href":"https:\/\/klc-dz.com\/kinglc\/wp-json\/wp\/v2\/product\/566"}],"collection":[{"href":"https:\/\/klc-dz.com\/kinglc\/wp-json\/wp\/v2\/product"}],"about":[{"href":"https:\/\/klc-dz.com\/kinglc\/wp-json\/wp\/v2\/types\/product"}],"replies":[{"embeddable":true,"href":"https:\/\/klc-dz.com\/kinglc\/wp-json\/wp\/v2\/comments?post=566"}],"wp:featuredmedia":[{"embeddable":true,"href":"https:\/\/klc-dz.com\/kinglc\/wp-json\/wp\/v2\/media\/567"}],"wp:attachment":[{"href":"https:\/\/klc-dz.com\/kinglc\/wp-json\/wp\/v2\/media?parent=566"}],"curies":[{"name":"wp","href":"https:\/\/api.w.org\/{rel}","templated":true}]}}