{"id":470,"date":"2021-03-11T11:07:14","date_gmt":"2021-03-11T11:07:14","guid":{"rendered":"http:\/\/klc-dz.com\/kinglc\/?post_type=product&#038;p=470"},"modified":"2022-11-26T12:01:52","modified_gmt":"2022-11-26T12:01:52","slug":"imc-4500","status":"publish","type":"product","link":"https:\/\/klc-dz.com\/kinglc\/produits\/ricoh\/mpf-c\/imc-4500\/","title":{"rendered":"IMC 4500"},"content":{"rendered":"<p>Le panneau de commande intelligent de 10,1 pouces, simplifie les op\u00e9rations en offrant \u00e0 l&#8217;utilisateur un \u00e9ventail d&#8217;applications et de param\u00e8tres intelligents. Ce multifonction num\u00e9rise rapidement les documents papier qui peuvent \u00eatre envoy\u00e9s \u00e0 une adresse e-mail ou sur un cloud.<\/p>\n<p>Ce multifonction A3, 45 pages par minute, produit des documents d&#8217;une qualit\u00e9 exceptionnelle.<br \/>\nL&#8217;IM C4500 produit des documents couleur haute r\u00e9solution : 1 200 x 1 200 dpi.<br \/>\nLe panneau de commande intelligent lumineux, tr\u00e8s r\u00e9actif et simple \u00e0 utiliser de 10,1 pouces, offre une exp\u00e9rience utilisateur unique.<br \/>\nL&#8217;interface prend en charge l&#8217;authentification par badge (en option) pour garantir la s\u00e9curit\u00e9 au sein de votre entreprise.<br \/>\nEn utilisant l&#8217;application Smart Device Connector, les utilisateurs de l&#8217;entreprise peuvent imprimer et num\u00e9riser depuis leurs t\u00e9l\u00e9phones mobiles et leurs tablettes.<br \/>\nAvec la technologie Always Current Technology\u2122 de Ricoh, ce multifonction tout-en-un s&#8217;adapte aux besoins \u00e9volutifs de l&#8217;entreprise.<br \/>\nLes mod\u00e8les 20, 25, 30, 35, 45, 55 et 60 pages par minute b\u00e9n\u00e9ficient tous de la m\u00eame fonctionnalit\u00e9 avanc\u00e9e.<\/p>\n","protected":false},"excerpt":{"rendered":"<p>Polyvalent et fiable, ce multifonction couleur, 45 pages par minute, tient toutes ses promesses. Equip\u00e9 d&#8217;un chargeur ARDF, il peut imprimer, copier et num\u00e9riser en couleur. Son panneau de commande intelligent de 10,1 pouces affiche une interface tactile intuitive qui simplifie les op\u00e9rations et permet aux utilisateurs d&#8217;interagir de mani\u00e8re transparente en utilisant les appareils connect\u00e9s.<\/p>\n","protected":false},"featured_media":471,"comment_status":"closed","ping_status":"closed","template":"","meta":{"_mo_disable_npp":""},"yoast_head":"<!-- This site is optimized with the Yoast SEO plugin v20.6 - https:\/\/yoast.com\/wordpress\/plugins\/seo\/ -->\n<title>IMC 4500 - KLC<\/title>\n<meta name=\"robots\" content=\"index, follow, max-snippet:-1, max-image-preview:large, max-video-preview:-1\" \/>\n<link rel=\"canonical\" href=\"https:\/\/klc-dz.com\/kinglc\/produits\/ricoh\/mpf-c\/imc-4500\/\" \/>\n<meta property=\"og:locale\" content=\"fr_FR\" \/>\n<meta property=\"og:type\" content=\"article\" \/>\n<meta property=\"og:title\" content=\"IMC 4500 - KLC\" \/>\n<meta property=\"og:description\" content=\"Polyvalent et fiable, ce multifonction couleur, 45 pages par minute, tient toutes ses promesses. Equip\u00e9 d&#039;un chargeur ARDF, il peut imprimer, copier et num\u00e9riser en couleur. Son panneau de commande intelligent de 10,1 pouces affiche une interface tactile intuitive qui simplifie les op\u00e9rations et permet aux utilisateurs d&#039;interagir de mani\u00e8re transparente en utilisant les appareils connect\u00e9s.\" \/>\n<meta property=\"og:url\" content=\"https:\/\/klc-dz.com\/kinglc\/produits\/ricoh\/mpf-c\/imc-4500\/\" \/>\n<meta property=\"og:site_name\" content=\"KLC\" \/>\n<meta property=\"article:modified_time\" content=\"2022-11-26T12:01:52+00:00\" \/>\n<meta property=\"og:image\" content=\"https:\/\/klc-dz.com\/kinglc\/wp-content\/uploads\/2021\/03\/IM-C4500-Right-view-Image-504_tcm79-32012-1.jpg\" \/>\n\t<meta property=\"og:image:width\" content=\"504\" \/>\n\t<meta property=\"og:image:height\" content=\"504\" \/>\n\t<meta property=\"og:image:type\" content=\"image\/jpeg\" \/>\n<meta name=\"twitter:card\" content=\"summary_large_image\" \/>\n<meta name=\"twitter:label1\" content=\"Est. reading time\" \/>\n\t<meta name=\"twitter:data1\" content=\"1 minute\" \/>\n<script type=\"application\/ld+json\" class=\"yoast-schema-graph\">{\"@context\":\"https:\/\/schema.org\",\"@graph\":[{\"@type\":\"WebPage\",\"@id\":\"https:\/\/klc-dz.com\/kinglc\/produits\/ricoh\/mpf-c\/imc-4500\/\",\"url\":\"https:\/\/klc-dz.com\/kinglc\/produits\/ricoh\/mpf-c\/imc-4500\/\",\"name\":\"IMC 4500 - KLC\",\"isPartOf\":{\"@id\":\"https:\/\/klc-dz.com\/kinglc\/#website\"},\"datePublished\":\"2021-03-11T11:07:14+00:00\",\"dateModified\":\"2022-11-26T12:01:52+00:00\",\"breadcrumb\":{\"@id\":\"https:\/\/klc-dz.com\/kinglc\/produits\/ricoh\/mpf-c\/imc-4500\/#breadcrumb\"},\"inLanguage\":\"fr-FR\",\"potentialAction\":[{\"@type\":\"ReadAction\",\"target\":[\"https:\/\/klc-dz.com\/kinglc\/produits\/ricoh\/mpf-c\/imc-4500\/\"]}]},{\"@type\":\"BreadcrumbList\",\"@id\":\"https:\/\/klc-dz.com\/kinglc\/produits\/ricoh\/mpf-c\/imc-4500\/#breadcrumb\",\"itemListElement\":[{\"@type\":\"ListItem\",\"position\":1,\"name\":\"Home\",\"item\":\"https:\/\/klc-dz.com\/kinglc\/\"},{\"@type\":\"ListItem\",\"position\":2,\"name\":\"Produits\",\"item\":\"https:\/\/klc-dz.com\/kinglc\/produits\/\"},{\"@type\":\"ListItem\",\"position\":3,\"name\":\"IMC 4500\"}]},{\"@type\":\"WebSite\",\"@id\":\"https:\/\/klc-dz.com\/kinglc\/#website\",\"url\":\"https:\/\/klc-dz.com\/kinglc\/\",\"name\":\"KLC\",\"description\":\"\",\"potentialAction\":[{\"@type\":\"SearchAction\",\"target\":{\"@type\":\"EntryPoint\",\"urlTemplate\":\"https:\/\/klc-dz.com\/kinglc\/?s={search_term_string}\"},\"query-input\":\"required name=search_term_string\"}],\"inLanguage\":\"fr-FR\"}]}<\/script>\n<!-- \/ Yoast SEO plugin. -->","yoast_head_json":{"title":"IMC 4500 - KLC","robots":{"index":"index","follow":"follow","max-snippet":"max-snippet:-1","max-image-preview":"max-image-preview:large","max-video-preview":"max-video-preview:-1"},"canonical":"https:\/\/klc-dz.com\/kinglc\/produits\/ricoh\/mpf-c\/imc-4500\/","og_locale":"fr_FR","og_type":"article","og_title":"IMC 4500 - KLC","og_description":"Polyvalent et fiable, ce multifonction couleur, 45 pages par minute, tient toutes ses promesses. Equip\u00e9 d'un chargeur ARDF, il peut imprimer, copier et num\u00e9riser en couleur. Son panneau de commande intelligent de 10,1 pouces affiche une interface tactile intuitive qui simplifie les op\u00e9rations et permet aux utilisateurs d'interagir de mani\u00e8re transparente en utilisant les appareils connect\u00e9s.","og_url":"https:\/\/klc-dz.com\/kinglc\/produits\/ricoh\/mpf-c\/imc-4500\/","og_site_name":"KLC","article_modified_time":"2022-11-26T12:01:52+00:00","og_image":[{"width":504,"height":504,"url":"https:\/\/klc-dz.com\/kinglc\/wp-content\/uploads\/2021\/03\/IM-C4500-Right-view-Image-504_tcm79-32012-1.jpg","type":"image\/jpeg"}],"twitter_card":"summary_large_image","twitter_misc":{"Est. reading time":"1 minute"},"schema":{"@context":"https:\/\/schema.org","@graph":[{"@type":"WebPage","@id":"https:\/\/klc-dz.com\/kinglc\/produits\/ricoh\/mpf-c\/imc-4500\/","url":"https:\/\/klc-dz.com\/kinglc\/produits\/ricoh\/mpf-c\/imc-4500\/","name":"IMC 4500 - KLC","isPartOf":{"@id":"https:\/\/klc-dz.com\/kinglc\/#website"},"datePublished":"2021-03-11T11:07:14+00:00","dateModified":"2022-11-26T12:01:52+00:00","breadcrumb":{"@id":"https:\/\/klc-dz.com\/kinglc\/produits\/ricoh\/mpf-c\/imc-4500\/#breadcrumb"},"inLanguage":"fr-FR","potentialAction":[{"@type":"ReadAction","target":["https:\/\/klc-dz.com\/kinglc\/produits\/ricoh\/mpf-c\/imc-4500\/"]}]},{"@type":"BreadcrumbList","@id":"https:\/\/klc-dz.com\/kinglc\/produits\/ricoh\/mpf-c\/imc-4500\/#breadcrumb","itemListElement":[{"@type":"ListItem","position":1,"name":"Home","item":"https:\/\/klc-dz.com\/kinglc\/"},{"@type":"ListItem","position":2,"name":"Produits","item":"https:\/\/klc-dz.com\/kinglc\/produits\/"},{"@type":"ListItem","position":3,"name":"IMC 4500"}]},{"@type":"WebSite","@id":"https:\/\/klc-dz.com\/kinglc\/#website","url":"https:\/\/klc-dz.com\/kinglc\/","name":"KLC","description":"","potentialAction":[{"@type":"SearchAction","target":{"@type":"EntryPoint","urlTemplate":"https:\/\/klc-dz.com\/kinglc\/?s={search_term_string}"},"query-input":"required name=search_term_string"}],"inLanguage":"fr-FR"}]}},"_links":{"self":[{"href":"https:\/\/klc-dz.com\/kinglc\/wp-json\/wp\/v2\/product\/470"}],"collection":[{"href":"https:\/\/klc-dz.com\/kinglc\/wp-json\/wp\/v2\/product"}],"about":[{"href":"https:\/\/klc-dz.com\/kinglc\/wp-json\/wp\/v2\/types\/product"}],"replies":[{"embeddable":true,"href":"https:\/\/klc-dz.com\/kinglc\/wp-json\/wp\/v2\/comments?post=470"}],"wp:featuredmedia":[{"embeddable":true,"href":"https:\/\/klc-dz.com\/kinglc\/wp-json\/wp\/v2\/media\/471"}],"wp:attachment":[{"href":"https:\/\/klc-dz.com\/kinglc\/wp-json\/wp\/v2\/media?parent=470"}],"curies":[{"name":"wp","href":"https:\/\/api.w.org\/{rel}","templated":true}]}}