{"id":656,"date":"2022-10-30T13:17:56","date_gmt":"2022-10-30T13:17:56","guid":{"rendered":"https:\/\/klc-dz.com\/kinglc\/?page_id=656"},"modified":"2022-11-28T18:03:53","modified_gmt":"2022-11-28T18:03:53","slug":"dascom","status":"publish","type":"page","link":"https:\/\/klc-dz.com\/kinglc\/nos-partenaire\/dascom\/","title":{"rendered":"DASCOM"},"content":{"rendered":"<p>[vc_row][vc_column][vc_custom_heading text=&#8221;DASCOM&#8221; use_theme_fonts=&#8221;yes&#8221; link=&#8221;url:https%3A%2F%2Fwww.microsoft.com%2Ffr-dz|||&#8221;][vc_column_text el_class=&#8221;lead&#8221;]DASCOM une entreprise avec des op\u00e9rations mondiales qui propose des solutions professionnelles dans les domaines des imprimantes et des \u00e9clairages LED. Depuis notre si\u00e8ge europ\u00e9en \u00e0 Ulm, en Allemagne, nous servons les clients \u00e0 travers l&#8217;Europe, l&#8217;Afrique et le Moyen-Orient.[\/vc_column_text][vc_column_text]DASCOM propose des technologies innovantes et des produits convaincants pour l&#8217;industrie. Imprimantes robustes et fiables qui r\u00e9duisent \u00e9galement vos co\u00fbts d&#8217;exploitation lors du traitement de gros volumes d&#8217;impression. Peu importe ce dont vous avez besoin &#8211; qu&#8217;il s&#8217;agisse de codes \u00e0 barres, d&#8217;\u00e9tiquettes, de factures ou d&#8217;autres documents d&#8217;accompagnement &#8211; DASCOM a la bonne imprimante pour vos besoins et votre budget.[\/vc_column_text][vc_column_text]DASCOM propose une gamme compl\u00e8te pour couvrir toutes les exigences d&#8217;impression d&#8217;entreprise, comprenant :<\/p>\n<ul>\n<li>Imprimantes mobiles<\/li>\n<li>Imprimantes thermiques<\/li>\n<li>Imprimantes \u00e0 cartes<\/li>\n<li>Imprimantes matricielles<\/li>\n<li>Imprimantes \u00e0 plat<\/li>\n<li>Service client professionnel<\/li>\n<li>Consommables de haute qualit\u00e9<\/li>\n<li>Co\u00fbts de fonctionnement faibles<\/li>\n<li>Configurations sp\u00e9cifiques au client<\/li>\n<li>Plus de 60 ans d&#8217;exp\u00e9rience en tant que fabricant<\/li>\n<\/ul>\n<p>[\/vc_column_text][vc_row_inner][vc_column_inner][vc_gallery type=&#8221;nivo&#8221; interval=&#8221;3&#8243; source=&#8221;external_link&#8221; external_img_size=&#8221;1140&#215;430&#8243; custom_srcs=&#8221;#E-8_aHR0cHMlM0ElMkYlMkZrbGMtZHouY29tJTJGa2luZ2xjJTJGd3AtY29udGVudCUyRnVwbG9hZHMlMkYyMDIyJTJGMTAlMkZIZWFkZXJfRGFzY29tX0hlYWRxdWFydGVyXzEtc2NhbGVkLmpwZyUyQ2h0dHBzJTNBJTJGJTJGa2xjLWR6LmNvbSUyRmtpbmdsYyUyRndwLWNvbnRlbnQlMkZ1cGxvYWRzJTJGMjAyMiUyRjEwJTJGbGluaWUucG5nJTJDaHR0cHMlM0ElMkYlMkZrbGMtZHouY29tJTJGa2luZ2xjJTJGd3AtY29udGVudCUyRnVwbG9hZHMlMkYyMDIyJTJGMTElMkZpbmljaW8tMS5qcGclMkM=&#8221; el_class=&#8221;nav-right&#8221;][\/vc_column_inner][\/vc_row_inner][\/vc_column][\/vc_row]<\/p>\n","protected":false},"excerpt":{"rendered":"<p>[vc_row][vc_column][vc_custom_heading text=&#8221;DASCOM&#8221; use_theme_fonts=&#8221;yes&#8221; link=&#8221;url:https%3A%2F%2Fwww.microsoft.com%2Ffr-dz|||&#8221;][vc_column_text el_class=&#8221;lead&#8221;]DASCOM une entreprise avec des op\u00e9rations mondiales qui propose des solutions professionnelles dans les domaines des imprimantes et des \u00e9clairages LED. Depuis notre si\u00e8ge europ\u00e9en \u00e0 Ulm, en Allemagne, nous servons les clients \u00e0 travers l&#8217;Europe, l&#8217;Afrique et le Moyen-Orient.[\/vc_column_text][vc_column_text]DASCOM propose des technologies innovantes et des produits convaincants pour l&#8217;industrie. Imprimantes [&hellip;]<\/p>\n","protected":false},"author":1,"featured_media":0,"parent":36,"menu_order":0,"comment_status":"closed","ping_status":"closed","template":"","meta":{"_mo_disable_npp":""},"yoast_head":"<!-- This site is optimized with the Yoast SEO plugin v20.6 - https:\/\/yoast.com\/wordpress\/plugins\/seo\/ -->\n<title>DASCOM - KLC<\/title>\n<meta name=\"robots\" content=\"index, follow, max-snippet:-1, max-image-preview:large, max-video-preview:-1\" \/>\n<link rel=\"canonical\" href=\"https:\/\/klc-dz.com\/kinglc\/nos-partenaire\/dascom\/\" \/>\n<meta property=\"og:locale\" content=\"fr_FR\" \/>\n<meta property=\"og:type\" content=\"article\" \/>\n<meta property=\"og:title\" content=\"DASCOM - KLC\" \/>\n<meta property=\"og:description\" content=\"[vc_row][vc_column][vc_custom_heading text=&#8221;DASCOM&#8221; use_theme_fonts=&#8221;yes&#8221; link=&#8221;url:https%3A%2F%2Fwww.microsoft.com%2Ffr-dz|||&#8221;][vc_column_text el_class=&#8221;lead&#8221;]DASCOM une entreprise avec des op\u00e9rations mondiales qui propose des solutions professionnelles dans les domaines des imprimantes et des \u00e9clairages LED. Depuis notre si\u00e8ge europ\u00e9en \u00e0 Ulm, en Allemagne, nous servons les clients \u00e0 travers l&#8217;Europe, l&#8217;Afrique et le Moyen-Orient.[\/vc_column_text][vc_column_text]DASCOM propose des technologies innovantes et des produits convaincants pour l&#8217;industrie. Imprimantes [&hellip;]\" \/>\n<meta property=\"og:url\" content=\"https:\/\/klc-dz.com\/kinglc\/nos-partenaire\/dascom\/\" \/>\n<meta property=\"og:site_name\" content=\"KLC\" \/>\n<meta property=\"article:modified_time\" content=\"2022-11-28T18:03:53+00:00\" \/>\n<meta name=\"twitter:card\" content=\"summary_large_image\" \/>\n<meta name=\"twitter:label1\" content=\"Est. reading time\" \/>\n\t<meta name=\"twitter:data1\" content=\"1 minute\" \/>\n<script type=\"application\/ld+json\" class=\"yoast-schema-graph\">{\"@context\":\"https:\/\/schema.org\",\"@graph\":[{\"@type\":\"WebPage\",\"@id\":\"https:\/\/klc-dz.com\/kinglc\/nos-partenaire\/dascom\/\",\"url\":\"https:\/\/klc-dz.com\/kinglc\/nos-partenaire\/dascom\/\",\"name\":\"DASCOM - KLC\",\"isPartOf\":{\"@id\":\"https:\/\/klc-dz.com\/kinglc\/#website\"},\"datePublished\":\"2022-10-30T13:17:56+00:00\",\"dateModified\":\"2022-11-28T18:03:53+00:00\",\"breadcrumb\":{\"@id\":\"https:\/\/klc-dz.com\/kinglc\/nos-partenaire\/dascom\/#breadcrumb\"},\"inLanguage\":\"fr-FR\",\"potentialAction\":[{\"@type\":\"ReadAction\",\"target\":[\"https:\/\/klc-dz.com\/kinglc\/nos-partenaire\/dascom\/\"]}]},{\"@type\":\"BreadcrumbList\",\"@id\":\"https:\/\/klc-dz.com\/kinglc\/nos-partenaire\/dascom\/#breadcrumb\",\"itemListElement\":[{\"@type\":\"ListItem\",\"position\":1,\"name\":\"Home\",\"item\":\"https:\/\/klc-dz.com\/kinglc\/\"},{\"@type\":\"ListItem\",\"position\":2,\"name\":\"Nos Partenaire\",\"item\":\"https:\/\/klc-dz.com\/kinglc\/nos-partenaire\/\"},{\"@type\":\"ListItem\",\"position\":3,\"name\":\"DASCOM\"}]},{\"@type\":\"WebSite\",\"@id\":\"https:\/\/klc-dz.com\/kinglc\/#website\",\"url\":\"https:\/\/klc-dz.com\/kinglc\/\",\"name\":\"KLC\",\"description\":\"\",\"potentialAction\":[{\"@type\":\"SearchAction\",\"target\":{\"@type\":\"EntryPoint\",\"urlTemplate\":\"https:\/\/klc-dz.com\/kinglc\/?s={search_term_string}\"},\"query-input\":\"required name=search_term_string\"}],\"inLanguage\":\"fr-FR\"}]}<\/script>\n<!-- \/ Yoast SEO plugin. -->","yoast_head_json":{"title":"DASCOM - KLC","robots":{"index":"index","follow":"follow","max-snippet":"max-snippet:-1","max-image-preview":"max-image-preview:large","max-video-preview":"max-video-preview:-1"},"canonical":"https:\/\/klc-dz.com\/kinglc\/nos-partenaire\/dascom\/","og_locale":"fr_FR","og_type":"article","og_title":"DASCOM - KLC","og_description":"[vc_row][vc_column][vc_custom_heading text=&#8221;DASCOM&#8221; use_theme_fonts=&#8221;yes&#8221; link=&#8221;url:https%3A%2F%2Fwww.microsoft.com%2Ffr-dz|||&#8221;][vc_column_text el_class=&#8221;lead&#8221;]DASCOM une entreprise avec des op\u00e9rations mondiales qui propose des solutions professionnelles dans les domaines des imprimantes et des \u00e9clairages LED. Depuis notre si\u00e8ge europ\u00e9en \u00e0 Ulm, en Allemagne, nous servons les clients \u00e0 travers l&#8217;Europe, l&#8217;Afrique et le Moyen-Orient.[\/vc_column_text][vc_column_text]DASCOM propose des technologies innovantes et des produits convaincants pour l&#8217;industrie. Imprimantes [&hellip;]","og_url":"https:\/\/klc-dz.com\/kinglc\/nos-partenaire\/dascom\/","og_site_name":"KLC","article_modified_time":"2022-11-28T18:03:53+00:00","twitter_card":"summary_large_image","twitter_misc":{"Est. reading time":"1 minute"},"schema":{"@context":"https:\/\/schema.org","@graph":[{"@type":"WebPage","@id":"https:\/\/klc-dz.com\/kinglc\/nos-partenaire\/dascom\/","url":"https:\/\/klc-dz.com\/kinglc\/nos-partenaire\/dascom\/","name":"DASCOM - KLC","isPartOf":{"@id":"https:\/\/klc-dz.com\/kinglc\/#website"},"datePublished":"2022-10-30T13:17:56+00:00","dateModified":"2022-11-28T18:03:53+00:00","breadcrumb":{"@id":"https:\/\/klc-dz.com\/kinglc\/nos-partenaire\/dascom\/#breadcrumb"},"inLanguage":"fr-FR","potentialAction":[{"@type":"ReadAction","target":["https:\/\/klc-dz.com\/kinglc\/nos-partenaire\/dascom\/"]}]},{"@type":"BreadcrumbList","@id":"https:\/\/klc-dz.com\/kinglc\/nos-partenaire\/dascom\/#breadcrumb","itemListElement":[{"@type":"ListItem","position":1,"name":"Home","item":"https:\/\/klc-dz.com\/kinglc\/"},{"@type":"ListItem","position":2,"name":"Nos Partenaire","item":"https:\/\/klc-dz.com\/kinglc\/nos-partenaire\/"},{"@type":"ListItem","position":3,"name":"DASCOM"}]},{"@type":"WebSite","@id":"https:\/\/klc-dz.com\/kinglc\/#website","url":"https:\/\/klc-dz.com\/kinglc\/","name":"KLC","description":"","potentialAction":[{"@type":"SearchAction","target":{"@type":"EntryPoint","urlTemplate":"https:\/\/klc-dz.com\/kinglc\/?s={search_term_string}"},"query-input":"required name=search_term_string"}],"inLanguage":"fr-FR"}]}},"_links":{"self":[{"href":"https:\/\/klc-dz.com\/kinglc\/wp-json\/wp\/v2\/pages\/656"}],"collection":[{"href":"https:\/\/klc-dz.com\/kinglc\/wp-json\/wp\/v2\/pages"}],"about":[{"href":"https:\/\/klc-dz.com\/kinglc\/wp-json\/wp\/v2\/types\/page"}],"author":[{"embeddable":true,"href":"https:\/\/klc-dz.com\/kinglc\/wp-json\/wp\/v2\/users\/1"}],"replies":[{"embeddable":true,"href":"https:\/\/klc-dz.com\/kinglc\/wp-json\/wp\/v2\/comments?post=656"}],"version-history":[{"count":11,"href":"https:\/\/klc-dz.com\/kinglc\/wp-json\/wp\/v2\/pages\/656\/revisions"}],"predecessor-version":[{"id":760,"href":"https:\/\/klc-dz.com\/kinglc\/wp-json\/wp\/v2\/pages\/656\/revisions\/760"}],"up":[{"embeddable":true,"href":"https:\/\/klc-dz.com\/kinglc\/wp-json\/wp\/v2\/pages\/36"}],"wp:attachment":[{"href":"https:\/\/klc-dz.com\/kinglc\/wp-json\/wp\/v2\/media?parent=656"}],"curies":[{"name":"wp","href":"https:\/\/api.w.org\/{rel}","templated":true}]}}