{"id":403,"date":"2021-03-04T13:28:36","date_gmt":"2021-03-04T13:28:36","guid":{"rendered":"http:\/\/klc-dz.com\/kinglc\/?page_id=403"},"modified":"2022-12-14T10:30:43","modified_gmt":"2022-12-14T10:30:43","slug":"maintenance","status":"publish","type":"page","link":"https:\/\/klc-dz.com\/kinglc\/maintenance\/","title":{"rendered":"Maintenance"},"content":{"rendered":"<p>[vc_row][vc_column][vc_column_text]<\/p>\n<p style=\"text-align: center;\"><span style=\"font-size: 19px;\"><strong>SARL KING LINE COMPUTER, par abr\u00e9viation SARL KLC, sise 14 Rue des trois fr\u00e8res Bouadou ,Bir Mourad Rais, Alger, fabricant de Micro-ordinateurs et importateurs d\u2019 imprimantes multifonctions de marque mondialement connues : RICOH, BROTHER, DASCOM et autres, met \u00e0 votre disposition son <span style=\"color: #ff0000;\">SERVICE MAINTENANCE<\/span> pour tous vos besoins de r\u00e9paration et remise en \u00e9tat de vos \u00e9quipements (Micro-ordinateurs, Imprimantes, Laptop, Fax &#8230;ect)<\/strong><\/span><br \/>\n<span style=\"font-size: 19px;\"><strong>Notre Service Maintenance est dot\u00e9 de tous les outils ad\u00e9quats pour une maintenance et r\u00e9paration aux normes et standards ainsi que d&#8217;un service technique ( ing\u00e9nieurs et TS) hautement qualifi\u00e9 pour mener \u00e0 bien sa mission pour la satisfaction exclusive de nos clients.<\/strong><\/span><br \/>\n<span style=\"font-size: 19px;\"><strong>Ce service est \u00e0 votre enti\u00e8re disposition et demeurons dans l&#8217;attente de vous recevoir.<\/strong><\/span><\/p>\n<p>[\/vc_column_text][\/vc_column][\/vc_row][vc_row][vc_column][vc_single_image image=&#8221;769&#8243; img_size=&#8221;full&#8221; alignment=&#8221;center&#8221;][\/vc_column][\/vc_row]<\/p>\n","protected":false},"excerpt":{"rendered":"<p>[vc_row][vc_column][vc_column_text] SARL KING LINE COMPUTER, par abr\u00e9viation SARL KLC, sise 14 Rue des trois fr\u00e8res Bouadou ,Bir Mourad Rais, Alger, fabricant de Micro-ordinateurs et importateurs d\u2019 imprimantes multifonctions de marque mondialement connues : RICOH, BROTHER, DASCOM et autres, met \u00e0 votre disposition son SERVICE MAINTENANCE pour tous vos besoins de r\u00e9paration et remise en \u00e9tat [&hellip;]<\/p>\n","protected":false},"author":1,"featured_media":0,"parent":0,"menu_order":0,"comment_status":"closed","ping_status":"closed","template":"","meta":{"_mo_disable_npp":""},"yoast_head":"<!-- This site is optimized with the Yoast SEO plugin v20.6 - https:\/\/yoast.com\/wordpress\/plugins\/seo\/ -->\n<title>Maintenance - KLC<\/title>\n<meta name=\"robots\" content=\"index, follow, max-snippet:-1, max-image-preview:large, max-video-preview:-1\" \/>\n<link rel=\"canonical\" href=\"https:\/\/klc-dz.com\/kinglc\/maintenance\/\" \/>\n<meta property=\"og:locale\" content=\"fr_FR\" \/>\n<meta property=\"og:type\" content=\"article\" \/>\n<meta property=\"og:title\" content=\"Maintenance - KLC\" \/>\n<meta property=\"og:description\" content=\"[vc_row][vc_column][vc_column_text] SARL KING LINE COMPUTER, par abr\u00e9viation SARL KLC, sise 14 Rue des trois fr\u00e8res Bouadou ,Bir Mourad Rais, Alger, fabricant de Micro-ordinateurs et importateurs d\u2019 imprimantes multifonctions de marque mondialement connues : RICOH, BROTHER, DASCOM et autres, met \u00e0 votre disposition son SERVICE MAINTENANCE pour tous vos besoins de r\u00e9paration et remise en \u00e9tat [&hellip;]\" \/>\n<meta property=\"og:url\" content=\"https:\/\/klc-dz.com\/kinglc\/maintenance\/\" \/>\n<meta property=\"og:site_name\" content=\"KLC\" \/>\n<meta property=\"article:modified_time\" content=\"2022-12-14T10:30:43+00:00\" \/>\n<meta name=\"twitter:card\" content=\"summary_large_image\" \/>\n<meta name=\"twitter:label1\" content=\"Est. reading time\" \/>\n\t<meta name=\"twitter:data1\" content=\"1 minute\" \/>\n<script type=\"application\/ld+json\" class=\"yoast-schema-graph\">{\"@context\":\"https:\/\/schema.org\",\"@graph\":[{\"@type\":\"WebPage\",\"@id\":\"https:\/\/klc-dz.com\/kinglc\/maintenance\/\",\"url\":\"https:\/\/klc-dz.com\/kinglc\/maintenance\/\",\"name\":\"Maintenance - KLC\",\"isPartOf\":{\"@id\":\"https:\/\/klc-dz.com\/kinglc\/#website\"},\"datePublished\":\"2021-03-04T13:28:36+00:00\",\"dateModified\":\"2022-12-14T10:30:43+00:00\",\"breadcrumb\":{\"@id\":\"https:\/\/klc-dz.com\/kinglc\/maintenance\/#breadcrumb\"},\"inLanguage\":\"fr-FR\",\"potentialAction\":[{\"@type\":\"ReadAction\",\"target\":[\"https:\/\/klc-dz.com\/kinglc\/maintenance\/\"]}]},{\"@type\":\"BreadcrumbList\",\"@id\":\"https:\/\/klc-dz.com\/kinglc\/maintenance\/#breadcrumb\",\"itemListElement\":[{\"@type\":\"ListItem\",\"position\":1,\"name\":\"Home\",\"item\":\"https:\/\/klc-dz.com\/kinglc\/\"},{\"@type\":\"ListItem\",\"position\":2,\"name\":\"Maintenance\"}]},{\"@type\":\"WebSite\",\"@id\":\"https:\/\/klc-dz.com\/kinglc\/#website\",\"url\":\"https:\/\/klc-dz.com\/kinglc\/\",\"name\":\"KLC\",\"description\":\"\",\"potentialAction\":[{\"@type\":\"SearchAction\",\"target\":{\"@type\":\"EntryPoint\",\"urlTemplate\":\"https:\/\/klc-dz.com\/kinglc\/?s={search_term_string}\"},\"query-input\":\"required name=search_term_string\"}],\"inLanguage\":\"fr-FR\"}]}<\/script>\n<!-- \/ Yoast SEO plugin. -->","yoast_head_json":{"title":"Maintenance - KLC","robots":{"index":"index","follow":"follow","max-snippet":"max-snippet:-1","max-image-preview":"max-image-preview:large","max-video-preview":"max-video-preview:-1"},"canonical":"https:\/\/klc-dz.com\/kinglc\/maintenance\/","og_locale":"fr_FR","og_type":"article","og_title":"Maintenance - KLC","og_description":"[vc_row][vc_column][vc_column_text] SARL KING LINE COMPUTER, par abr\u00e9viation SARL KLC, sise 14 Rue des trois fr\u00e8res Bouadou ,Bir Mourad Rais, Alger, fabricant de Micro-ordinateurs et importateurs d\u2019 imprimantes multifonctions de marque mondialement connues : RICOH, BROTHER, DASCOM et autres, met \u00e0 votre disposition son SERVICE MAINTENANCE pour tous vos besoins de r\u00e9paration et remise en \u00e9tat [&hellip;]","og_url":"https:\/\/klc-dz.com\/kinglc\/maintenance\/","og_site_name":"KLC","article_modified_time":"2022-12-14T10:30:43+00:00","twitter_card":"summary_large_image","twitter_misc":{"Est. reading time":"1 minute"},"schema":{"@context":"https:\/\/schema.org","@graph":[{"@type":"WebPage","@id":"https:\/\/klc-dz.com\/kinglc\/maintenance\/","url":"https:\/\/klc-dz.com\/kinglc\/maintenance\/","name":"Maintenance - KLC","isPartOf":{"@id":"https:\/\/klc-dz.com\/kinglc\/#website"},"datePublished":"2021-03-04T13:28:36+00:00","dateModified":"2022-12-14T10:30:43+00:00","breadcrumb":{"@id":"https:\/\/klc-dz.com\/kinglc\/maintenance\/#breadcrumb"},"inLanguage":"fr-FR","potentialAction":[{"@type":"ReadAction","target":["https:\/\/klc-dz.com\/kinglc\/maintenance\/"]}]},{"@type":"BreadcrumbList","@id":"https:\/\/klc-dz.com\/kinglc\/maintenance\/#breadcrumb","itemListElement":[{"@type":"ListItem","position":1,"name":"Home","item":"https:\/\/klc-dz.com\/kinglc\/"},{"@type":"ListItem","position":2,"name":"Maintenance"}]},{"@type":"WebSite","@id":"https:\/\/klc-dz.com\/kinglc\/#website","url":"https:\/\/klc-dz.com\/kinglc\/","name":"KLC","description":"","potentialAction":[{"@type":"SearchAction","target":{"@type":"EntryPoint","urlTemplate":"https:\/\/klc-dz.com\/kinglc\/?s={search_term_string}"},"query-input":"required name=search_term_string"}],"inLanguage":"fr-FR"}]}},"_links":{"self":[{"href":"https:\/\/klc-dz.com\/kinglc\/wp-json\/wp\/v2\/pages\/403"}],"collection":[{"href":"https:\/\/klc-dz.com\/kinglc\/wp-json\/wp\/v2\/pages"}],"about":[{"href":"https:\/\/klc-dz.com\/kinglc\/wp-json\/wp\/v2\/types\/page"}],"author":[{"embeddable":true,"href":"https:\/\/klc-dz.com\/kinglc\/wp-json\/wp\/v2\/users\/1"}],"replies":[{"embeddable":true,"href":"https:\/\/klc-dz.com\/kinglc\/wp-json\/wp\/v2\/comments?post=403"}],"version-history":[{"count":7,"href":"https:\/\/klc-dz.com\/kinglc\/wp-json\/wp\/v2\/pages\/403\/revisions"}],"predecessor-version":[{"id":1296,"href":"https:\/\/klc-dz.com\/kinglc\/wp-json\/wp\/v2\/pages\/403\/revisions\/1296"}],"wp:attachment":[{"href":"https:\/\/klc-dz.com\/kinglc\/wp-json\/wp\/v2\/media?parent=403"}],"curies":[{"name":"wp","href":"https:\/\/api.w.org\/{rel}","templated":true}]}}