{"id":40,"date":"2016-07-18T09:05:33","date_gmt":"2016-07-18T09:05:33","guid":{"rendered":"http:\/\/sw-themes.com\/porto_dummy\/?page_id=40"},"modified":"2021-03-21T08:02:41","modified_gmt":"2021-03-21T08:02:41","slug":"ricoh","status":"publish","type":"page","link":"https:\/\/klc-dz.com\/kinglc\/nos-partenaire\/ricoh\/","title":{"rendered":"RICOH"},"content":{"rendered":"<p>[vc_row][vc_column][vc_custom_heading text=&#8221;Ricoh&#8221; use_theme_fonts=&#8221;yes&#8221;][vc_column_text el_class=&#8221;lead&#8221;]\u00c9tablie en 1936, l&#8217;entreprise Ricoh fournit des services de <img decoding=\"async\" loading=\"lazy\" class=\"alignright\" src=\"https:\/\/klc-dz.com\/kinglc\/wp-content\/uploads\/2021\/03\/5848259ecef1014c0b5e49d5.png\" alt=\"construction1\" width=\"70\" height=\"70\" \/>documentation, des conseils, des solutions logicielles et mat\u00e9rielles aux entreprises du monde entier. Nous proposons une gamme \u00e9tendue de solutions personnalisables pour r\u00e9pondre aux besoins des clients individuels et des entreprises.[\/vc_column_text][vc_column_text]Ricoh est un fournisseur de technologie mondial qui transforme les processus d&#8217;entreprise et la gestion des informations pour aider les organisations \u00e0 \u00eatre plus flexibles, plus productives et plus rentables.<br \/>\nAu cours des derni\u00e8res ann\u00e9es, nous avons r\u00e9pondu \u00e0 l&#8217;\u00e9volution des demandes sur le lieu de travail et fournissons d\u00e9sormais une gamme compl\u00e8te de solutions de bout en bout dans les segments d&#8217;activit\u00e9 suivants :<\/p>\n<ul>\n<li>Solutions bureautiques<\/li>\n<li>Impression commerciale et industrielle<\/li>\n<li>Services informatiques<\/li>\n<li>Managed document services<\/li>\n<li>Services Communication<\/li>\n<li>Services de fabrication avanc\u00e9e<\/li>\n<li>Services d&#8217;externalisation<\/li>\n<li>Services Gestion du d\u00e9veloppement durable<\/li>\n<li>Services applicatifs<\/li>\n<li>Services d&#8217;espace de travail<\/li>\n<\/ul>\n<p>O\u00f9 que vous soyez dans le monde, nous disposons d&#8217;une expertise industrielle et d&#8217;une port\u00e9e mondiale pour arriver jusqu&#8217;\u00e0 vous et vous aider \u00e0 atteindre vos objectifs. Nous adoptons une approche int\u00e9gr\u00e9e et collaborons \u00e9troitement avec nos clients pour am\u00e9liorer et g\u00e9rer les processus g\u00e9n\u00e9rant beaucoup de documents.<br \/>\nNotre objectif est de rendre vos processus m\u00e9tier plus rentables, plus productifs, plus durables et plus s\u00e9curis\u00e9s. Et nous sommes l\u00e0, \u00e0 chaque \u00e9tape, pour vous aider \u00e0 g\u00e9rer les modifications internes associ\u00e9es \u00e0 l&#8217;arriv\u00e9e de nouveaux syst\u00e8mes.[\/vc_column_text][vc_row_inner][vc_column_inner][vc_gallery type=&#8221;nivo&#8221; interval=&#8221;3&#8243; source=&#8221;external_link&#8221; external_img_size=&#8221;1140&#215;430&#8243; custom_srcs=&#8221;#E-8_aHR0cCUzQSUyRiUyRmtsYy1kei5jb20lMkZraW5nbGMlMkZ3cC1jb250ZW50JTJGdXBsb2FkcyUyRjIwMjElMkYwMyUyRjE1MTk3OTcyMzY2OTYuanBnJTJDaHR0cCUzQSUyRiUyRmtsYy1kei5jb20lMkZraW5nbGMlMkZ3cC1jb250ZW50JTJGdXBsb2FkcyUyRjIwMjElMkYwMyUyRm9mZmljZS1kZXNpZ24tZm9yLVJpY29oLTNfMzg0MHgyMTYwX2FjZl9jcm9wcGVkLXNjYWxlZC5qcGclMkNodHRwJTNBJTJGJTJGa2xjLWR6LmNvbSUyRmtpbmdsYyUyRndwLWNvbnRlbnQlMkZ1cGxvYWRzJTJGMjAyMSUyRjAzJTJGcmljb2gtMDEuanBn&#8221; el_class=&#8221;nav-right&#8221;][\/vc_column_inner][\/vc_row_inner][\/vc_column][\/vc_row]<\/p>\n","protected":false},"excerpt":{"rendered":"<p>[vc_row][vc_column][vc_custom_heading text=&#8221;Ricoh&#8221; use_theme_fonts=&#8221;yes&#8221;][vc_column_text el_class=&#8221;lead&#8221;]\u00c9tablie en 1936, l&#8217;entreprise Ricoh fournit des services de documentation, des conseils, des solutions logicielles et mat\u00e9rielles aux entreprises du monde entier. Nous proposons une gamme \u00e9tendue de solutions personnalisables pour r\u00e9pondre aux besoins des clients individuels et des entreprises.[\/vc_column_text][vc_column_text]Ricoh est un fournisseur de technologie mondial qui transforme les processus d&#8217;entreprise et [&hellip;]<\/p>\n","protected":false},"author":1,"featured_media":0,"parent":36,"menu_order":0,"comment_status":"closed","ping_status":"closed","template":"","meta":{"_mo_disable_npp":""},"yoast_head":"<!-- This site is optimized with the Yoast SEO plugin v20.6 - https:\/\/yoast.com\/wordpress\/plugins\/seo\/ -->\n<title>RICOH - KLC<\/title>\n<meta name=\"robots\" content=\"index, follow, max-snippet:-1, max-image-preview:large, max-video-preview:-1\" \/>\n<link rel=\"canonical\" href=\"https:\/\/klc-dz.com\/kinglc\/nos-partenaire\/ricoh\/\" \/>\n<meta property=\"og:locale\" content=\"fr_FR\" \/>\n<meta property=\"og:type\" content=\"article\" \/>\n<meta property=\"og:title\" content=\"RICOH - KLC\" \/>\n<meta property=\"og:description\" content=\"[vc_row][vc_column][vc_custom_heading text=&#8221;Ricoh&#8221; use_theme_fonts=&#8221;yes&#8221;][vc_column_text el_class=&#8221;lead&#8221;]\u00c9tablie en 1936, l&#8217;entreprise Ricoh fournit des services de documentation, des conseils, des solutions logicielles et mat\u00e9rielles aux entreprises du monde entier. Nous proposons une gamme \u00e9tendue de solutions personnalisables pour r\u00e9pondre aux besoins des clients individuels et des entreprises.[\/vc_column_text][vc_column_text]Ricoh est un fournisseur de technologie mondial qui transforme les processus d&#8217;entreprise et [&hellip;]\" \/>\n<meta property=\"og:url\" content=\"https:\/\/klc-dz.com\/kinglc\/nos-partenaire\/ricoh\/\" \/>\n<meta property=\"og:site_name\" content=\"KLC\" \/>\n<meta property=\"article:modified_time\" content=\"2021-03-21T08:02:41+00:00\" \/>\n<meta property=\"og:image\" content=\"http:\/\/klc-dz.com\/kinglc\/wp-content\/uploads\/2021\/03\/5848259ecef1014c0b5e49d5.png\" \/>\n<meta name=\"twitter:card\" content=\"summary_large_image\" \/>\n<meta name=\"twitter:label1\" content=\"Est. reading time\" \/>\n\t<meta name=\"twitter:data1\" content=\"2 minutes\" \/>\n<script type=\"application\/ld+json\" class=\"yoast-schema-graph\">{\"@context\":\"https:\/\/schema.org\",\"@graph\":[{\"@type\":\"WebPage\",\"@id\":\"https:\/\/klc-dz.com\/kinglc\/nos-partenaire\/ricoh\/\",\"url\":\"https:\/\/klc-dz.com\/kinglc\/nos-partenaire\/ricoh\/\",\"name\":\"RICOH - KLC\",\"isPartOf\":{\"@id\":\"https:\/\/klc-dz.com\/kinglc\/#website\"},\"datePublished\":\"2016-07-18T09:05:33+00:00\",\"dateModified\":\"2021-03-21T08:02:41+00:00\",\"breadcrumb\":{\"@id\":\"https:\/\/klc-dz.com\/kinglc\/nos-partenaire\/ricoh\/#breadcrumb\"},\"inLanguage\":\"fr-FR\",\"potentialAction\":[{\"@type\":\"ReadAction\",\"target\":[\"https:\/\/klc-dz.com\/kinglc\/nos-partenaire\/ricoh\/\"]}]},{\"@type\":\"BreadcrumbList\",\"@id\":\"https:\/\/klc-dz.com\/kinglc\/nos-partenaire\/ricoh\/#breadcrumb\",\"itemListElement\":[{\"@type\":\"ListItem\",\"position\":1,\"name\":\"Home\",\"item\":\"https:\/\/klc-dz.com\/kinglc\/\"},{\"@type\":\"ListItem\",\"position\":2,\"name\":\"Nos Partenaire\",\"item\":\"https:\/\/klc-dz.com\/kinglc\/nos-partenaire\/\"},{\"@type\":\"ListItem\",\"position\":3,\"name\":\"RICOH\"}]},{\"@type\":\"WebSite\",\"@id\":\"https:\/\/klc-dz.com\/kinglc\/#website\",\"url\":\"https:\/\/klc-dz.com\/kinglc\/\",\"name\":\"KLC\",\"description\":\"\",\"potentialAction\":[{\"@type\":\"SearchAction\",\"target\":{\"@type\":\"EntryPoint\",\"urlTemplate\":\"https:\/\/klc-dz.com\/kinglc\/?s={search_term_string}\"},\"query-input\":\"required name=search_term_string\"}],\"inLanguage\":\"fr-FR\"}]}<\/script>\n<!-- \/ Yoast SEO plugin. -->","yoast_head_json":{"title":"RICOH - KLC","robots":{"index":"index","follow":"follow","max-snippet":"max-snippet:-1","max-image-preview":"max-image-preview:large","max-video-preview":"max-video-preview:-1"},"canonical":"https:\/\/klc-dz.com\/kinglc\/nos-partenaire\/ricoh\/","og_locale":"fr_FR","og_type":"article","og_title":"RICOH - KLC","og_description":"[vc_row][vc_column][vc_custom_heading text=&#8221;Ricoh&#8221; use_theme_fonts=&#8221;yes&#8221;][vc_column_text el_class=&#8221;lead&#8221;]\u00c9tablie en 1936, l&#8217;entreprise Ricoh fournit des services de documentation, des conseils, des solutions logicielles et mat\u00e9rielles aux entreprises du monde entier. Nous proposons une gamme \u00e9tendue de solutions personnalisables pour r\u00e9pondre aux besoins des clients individuels et des entreprises.[\/vc_column_text][vc_column_text]Ricoh est un fournisseur de technologie mondial qui transforme les processus d&#8217;entreprise et [&hellip;]","og_url":"https:\/\/klc-dz.com\/kinglc\/nos-partenaire\/ricoh\/","og_site_name":"KLC","article_modified_time":"2021-03-21T08:02:41+00:00","og_image":[{"url":"http:\/\/klc-dz.com\/kinglc\/wp-content\/uploads\/2021\/03\/5848259ecef1014c0b5e49d5.png"}],"twitter_card":"summary_large_image","twitter_misc":{"Est. reading time":"2 minutes"},"schema":{"@context":"https:\/\/schema.org","@graph":[{"@type":"WebPage","@id":"https:\/\/klc-dz.com\/kinglc\/nos-partenaire\/ricoh\/","url":"https:\/\/klc-dz.com\/kinglc\/nos-partenaire\/ricoh\/","name":"RICOH - KLC","isPartOf":{"@id":"https:\/\/klc-dz.com\/kinglc\/#website"},"datePublished":"2016-07-18T09:05:33+00:00","dateModified":"2021-03-21T08:02:41+00:00","breadcrumb":{"@id":"https:\/\/klc-dz.com\/kinglc\/nos-partenaire\/ricoh\/#breadcrumb"},"inLanguage":"fr-FR","potentialAction":[{"@type":"ReadAction","target":["https:\/\/klc-dz.com\/kinglc\/nos-partenaire\/ricoh\/"]}]},{"@type":"BreadcrumbList","@id":"https:\/\/klc-dz.com\/kinglc\/nos-partenaire\/ricoh\/#breadcrumb","itemListElement":[{"@type":"ListItem","position":1,"name":"Home","item":"https:\/\/klc-dz.com\/kinglc\/"},{"@type":"ListItem","position":2,"name":"Nos Partenaire","item":"https:\/\/klc-dz.com\/kinglc\/nos-partenaire\/"},{"@type":"ListItem","position":3,"name":"RICOH"}]},{"@type":"WebSite","@id":"https:\/\/klc-dz.com\/kinglc\/#website","url":"https:\/\/klc-dz.com\/kinglc\/","name":"KLC","description":"","potentialAction":[{"@type":"SearchAction","target":{"@type":"EntryPoint","urlTemplate":"https:\/\/klc-dz.com\/kinglc\/?s={search_term_string}"},"query-input":"required name=search_term_string"}],"inLanguage":"fr-FR"}]}},"_links":{"self":[{"href":"https:\/\/klc-dz.com\/kinglc\/wp-json\/wp\/v2\/pages\/40"}],"collection":[{"href":"https:\/\/klc-dz.com\/kinglc\/wp-json\/wp\/v2\/pages"}],"about":[{"href":"https:\/\/klc-dz.com\/kinglc\/wp-json\/wp\/v2\/types\/page"}],"author":[{"embeddable":true,"href":"https:\/\/klc-dz.com\/kinglc\/wp-json\/wp\/v2\/users\/1"}],"replies":[{"embeddable":true,"href":"https:\/\/klc-dz.com\/kinglc\/wp-json\/wp\/v2\/comments?post=40"}],"version-history":[{"count":4,"href":"https:\/\/klc-dz.com\/kinglc\/wp-json\/wp\/v2\/pages\/40\/revisions"}],"predecessor-version":[{"id":521,"href":"https:\/\/klc-dz.com\/kinglc\/wp-json\/wp\/v2\/pages\/40\/revisions\/521"}],"up":[{"embeddable":true,"href":"https:\/\/klc-dz.com\/kinglc\/wp-json\/wp\/v2\/pages\/36"}],"wp:attachment":[{"href":"https:\/\/klc-dz.com\/kinglc\/wp-json\/wp\/v2\/media?parent=40"}],"curies":[{"name":"wp","href":"https:\/\/api.w.org\/{rel}","templated":true}]}}