{"id":39,"date":"2016-07-18T09:05:13","date_gmt":"2016-07-18T09:05:13","guid":{"rendered":"http:\/\/sw-themes.com\/porto_dummy\/?page_id=39"},"modified":"2021-03-21T08:02:01","modified_gmt":"2021-03-21T08:02:01","slug":"brother","status":"publish","type":"page","link":"https:\/\/klc-dz.com\/kinglc\/nos-partenaire\/brother\/","title":{"rendered":"BROTHER"},"content":{"rendered":"<p>[vc_row][vc_column][vc_custom_heading text=&#8221;Brother&#8221; use_theme_fonts=&#8221;yes&#8221;][vc_column_text el_class=&#8221;lead&#8221;]Brother (en japonais : \u30d6\u30e9\u30b6\u30fc\u5de5\u696d\u682a\u5f0f\u4f1a\u793e \/ Buraz\u0101 K\u014dgy\u014d Kabushiki-gaisha) est une marque cr\u00e9\u00e9e au Japon en 1908. D\u2019abord sp\u00e9cialiste des machines \u00e0 coudre industrielles, le groupe Brother s\u2019est d\u00e9velopp\u00e9 depuis et a \u00e9largi ses activit\u00e9s autour du partage et de la gestion de l\u2019information et du document. L\u2019entreprise construit maintenant des p\u00e9riph\u00e9riques d\u2019impressions (imprimantes et multifonctions) et des \u00e9tiqueteuses \u00e9lectroniques.[\/vc_column_text][vc_column_text]En compl\u00e9ment des performances de son organisation commerciale, marketing et de ses services \u00e0 forte valeur ajout\u00e9e, Brother France s\u2019appuie sur un r\u00e9seau tr\u00e8s dense de partenaires agr\u00e9\u00e9s pour la distribution et la maintenance, sp\u00e9cialis\u00e9s par march\u00e9s (entreprises ou particuliers). Brother France entretient avec ses partenaires, une relation de grande proximit\u00e9 faite d\u2019\u00e9changes, de retours d\u2019exp\u00e9rience et de partages de comp\u00e9tences. Ils assurent le conseil, la vente, la garantie des produits et leur maintenance sur sites. Pour que ses partenaires servent encore mieux ses clients, Brother France leur propose des formations gratuites et ouvertes \u00e0 tous. Plus de 500 techniciens en b\u00e9n\u00e9ficient chaque ann\u00e9e en France.[\/vc_column_text][vc_row_inner][vc_column_inner][vc_gallery type=&#8221;nivo&#8221; interval=&#8221;3&#8243; source=&#8221;external_link&#8221; external_img_size=&#8221;1140&#215;430&#8243; custom_srcs=&#8221;#E-8_aHR0cCUzQSUyRiUyRmtsYy1kei5jb20lMkZraW5nbGMlMkZ3cC1jb250ZW50JTJGdXBsb2FkcyUyRjIwMjElMkYwMyUyRkJyb3RoZXJfSW5kdXN0cmllc19OYWdveWFfSFFfMjAxMTA3MDktMDAxLXNjYWxlZC5qcGc=&#8221; el_class=&#8221;nav-right&#8221;][\/vc_column_inner][\/vc_row_inner][\/vc_column][\/vc_row]<\/p>\n","protected":false},"excerpt":{"rendered":"<p>[vc_row][vc_column][vc_custom_heading text=&#8221;Brother&#8221; use_theme_fonts=&#8221;yes&#8221;][vc_column_text el_class=&#8221;lead&#8221;]Brother (en japonais : \u30d6\u30e9\u30b6\u30fc\u5de5\u696d\u682a\u5f0f\u4f1a\u793e \/ Buraz\u0101 K\u014dgy\u014d Kabushiki-gaisha) est une marque cr\u00e9\u00e9e au Japon en 1908. D\u2019abord sp\u00e9cialiste des machines \u00e0 coudre industrielles, le groupe Brother s\u2019est d\u00e9velopp\u00e9 depuis et a \u00e9largi ses activit\u00e9s autour du partage et de la gestion de l\u2019information et du document. L\u2019entreprise construit maintenant des p\u00e9riph\u00e9riques [&hellip;]<\/p>\n","protected":false},"author":1,"featured_media":0,"parent":36,"menu_order":0,"comment_status":"closed","ping_status":"closed","template":"","meta":{"_mo_disable_npp":""},"yoast_head":"<!-- This site is optimized with the Yoast SEO plugin v20.6 - https:\/\/yoast.com\/wordpress\/plugins\/seo\/ -->\n<title>BROTHER - KLC<\/title>\n<meta name=\"robots\" content=\"index, follow, max-snippet:-1, max-image-preview:large, max-video-preview:-1\" \/>\n<link rel=\"canonical\" href=\"https:\/\/klc-dz.com\/kinglc\/nos-partenaire\/brother\/\" \/>\n<meta property=\"og:locale\" content=\"fr_FR\" \/>\n<meta property=\"og:type\" content=\"article\" \/>\n<meta property=\"og:title\" content=\"BROTHER - KLC\" \/>\n<meta property=\"og:description\" content=\"[vc_row][vc_column][vc_custom_heading text=&#8221;Brother&#8221; use_theme_fonts=&#8221;yes&#8221;][vc_column_text el_class=&#8221;lead&#8221;]Brother (en japonais : \u30d6\u30e9\u30b6\u30fc\u5de5\u696d\u682a\u5f0f\u4f1a\u793e \/ Buraz\u0101 K\u014dgy\u014d Kabushiki-gaisha) est une marque cr\u00e9\u00e9e au Japon en 1908. D\u2019abord sp\u00e9cialiste des machines \u00e0 coudre industrielles, le groupe Brother s\u2019est d\u00e9velopp\u00e9 depuis et a \u00e9largi ses activit\u00e9s autour du partage et de la gestion de l\u2019information et du document. L\u2019entreprise construit maintenant des p\u00e9riph\u00e9riques [&hellip;]\" \/>\n<meta property=\"og:url\" content=\"https:\/\/klc-dz.com\/kinglc\/nos-partenaire\/brother\/\" \/>\n<meta property=\"og:site_name\" content=\"KLC\" \/>\n<meta property=\"article:modified_time\" content=\"2021-03-21T08:02:01+00:00\" \/>\n<meta name=\"twitter:card\" content=\"summary_large_image\" \/>\n<meta name=\"twitter:label1\" content=\"Est. reading time\" \/>\n\t<meta name=\"twitter:data1\" content=\"1 minute\" \/>\n<script type=\"application\/ld+json\" class=\"yoast-schema-graph\">{\"@context\":\"https:\/\/schema.org\",\"@graph\":[{\"@type\":\"WebPage\",\"@id\":\"https:\/\/klc-dz.com\/kinglc\/nos-partenaire\/brother\/\",\"url\":\"https:\/\/klc-dz.com\/kinglc\/nos-partenaire\/brother\/\",\"name\":\"BROTHER - KLC\",\"isPartOf\":{\"@id\":\"https:\/\/klc-dz.com\/kinglc\/#website\"},\"datePublished\":\"2016-07-18T09:05:13+00:00\",\"dateModified\":\"2021-03-21T08:02:01+00:00\",\"breadcrumb\":{\"@id\":\"https:\/\/klc-dz.com\/kinglc\/nos-partenaire\/brother\/#breadcrumb\"},\"inLanguage\":\"fr-FR\",\"potentialAction\":[{\"@type\":\"ReadAction\",\"target\":[\"https:\/\/klc-dz.com\/kinglc\/nos-partenaire\/brother\/\"]}]},{\"@type\":\"BreadcrumbList\",\"@id\":\"https:\/\/klc-dz.com\/kinglc\/nos-partenaire\/brother\/#breadcrumb\",\"itemListElement\":[{\"@type\":\"ListItem\",\"position\":1,\"name\":\"Home\",\"item\":\"https:\/\/klc-dz.com\/kinglc\/\"},{\"@type\":\"ListItem\",\"position\":2,\"name\":\"Nos Partenaire\",\"item\":\"https:\/\/klc-dz.com\/kinglc\/nos-partenaire\/\"},{\"@type\":\"ListItem\",\"position\":3,\"name\":\"BROTHER\"}]},{\"@type\":\"WebSite\",\"@id\":\"https:\/\/klc-dz.com\/kinglc\/#website\",\"url\":\"https:\/\/klc-dz.com\/kinglc\/\",\"name\":\"KLC\",\"description\":\"\",\"potentialAction\":[{\"@type\":\"SearchAction\",\"target\":{\"@type\":\"EntryPoint\",\"urlTemplate\":\"https:\/\/klc-dz.com\/kinglc\/?s={search_term_string}\"},\"query-input\":\"required name=search_term_string\"}],\"inLanguage\":\"fr-FR\"}]}<\/script>\n<!-- \/ Yoast SEO plugin. -->","yoast_head_json":{"title":"BROTHER - KLC","robots":{"index":"index","follow":"follow","max-snippet":"max-snippet:-1","max-image-preview":"max-image-preview:large","max-video-preview":"max-video-preview:-1"},"canonical":"https:\/\/klc-dz.com\/kinglc\/nos-partenaire\/brother\/","og_locale":"fr_FR","og_type":"article","og_title":"BROTHER - KLC","og_description":"[vc_row][vc_column][vc_custom_heading text=&#8221;Brother&#8221; use_theme_fonts=&#8221;yes&#8221;][vc_column_text el_class=&#8221;lead&#8221;]Brother (en japonais : \u30d6\u30e9\u30b6\u30fc\u5de5\u696d\u682a\u5f0f\u4f1a\u793e \/ Buraz\u0101 K\u014dgy\u014d Kabushiki-gaisha) est une marque cr\u00e9\u00e9e au Japon en 1908. D\u2019abord sp\u00e9cialiste des machines \u00e0 coudre industrielles, le groupe Brother s\u2019est d\u00e9velopp\u00e9 depuis et a \u00e9largi ses activit\u00e9s autour du partage et de la gestion de l\u2019information et du document. L\u2019entreprise construit maintenant des p\u00e9riph\u00e9riques [&hellip;]","og_url":"https:\/\/klc-dz.com\/kinglc\/nos-partenaire\/brother\/","og_site_name":"KLC","article_modified_time":"2021-03-21T08:02:01+00:00","twitter_card":"summary_large_image","twitter_misc":{"Est. reading time":"1 minute"},"schema":{"@context":"https:\/\/schema.org","@graph":[{"@type":"WebPage","@id":"https:\/\/klc-dz.com\/kinglc\/nos-partenaire\/brother\/","url":"https:\/\/klc-dz.com\/kinglc\/nos-partenaire\/brother\/","name":"BROTHER - KLC","isPartOf":{"@id":"https:\/\/klc-dz.com\/kinglc\/#website"},"datePublished":"2016-07-18T09:05:13+00:00","dateModified":"2021-03-21T08:02:01+00:00","breadcrumb":{"@id":"https:\/\/klc-dz.com\/kinglc\/nos-partenaire\/brother\/#breadcrumb"},"inLanguage":"fr-FR","potentialAction":[{"@type":"ReadAction","target":["https:\/\/klc-dz.com\/kinglc\/nos-partenaire\/brother\/"]}]},{"@type":"BreadcrumbList","@id":"https:\/\/klc-dz.com\/kinglc\/nos-partenaire\/brother\/#breadcrumb","itemListElement":[{"@type":"ListItem","position":1,"name":"Home","item":"https:\/\/klc-dz.com\/kinglc\/"},{"@type":"ListItem","position":2,"name":"Nos Partenaire","item":"https:\/\/klc-dz.com\/kinglc\/nos-partenaire\/"},{"@type":"ListItem","position":3,"name":"BROTHER"}]},{"@type":"WebSite","@id":"https:\/\/klc-dz.com\/kinglc\/#website","url":"https:\/\/klc-dz.com\/kinglc\/","name":"KLC","description":"","potentialAction":[{"@type":"SearchAction","target":{"@type":"EntryPoint","urlTemplate":"https:\/\/klc-dz.com\/kinglc\/?s={search_term_string}"},"query-input":"required name=search_term_string"}],"inLanguage":"fr-FR"}]}},"_links":{"self":[{"href":"https:\/\/klc-dz.com\/kinglc\/wp-json\/wp\/v2\/pages\/39"}],"collection":[{"href":"https:\/\/klc-dz.com\/kinglc\/wp-json\/wp\/v2\/pages"}],"about":[{"href":"https:\/\/klc-dz.com\/kinglc\/wp-json\/wp\/v2\/types\/page"}],"author":[{"embeddable":true,"href":"https:\/\/klc-dz.com\/kinglc\/wp-json\/wp\/v2\/users\/1"}],"replies":[{"embeddable":true,"href":"https:\/\/klc-dz.com\/kinglc\/wp-json\/wp\/v2\/comments?post=39"}],"version-history":[{"count":4,"href":"https:\/\/klc-dz.com\/kinglc\/wp-json\/wp\/v2\/pages\/39\/revisions"}],"predecessor-version":[{"id":520,"href":"https:\/\/klc-dz.com\/kinglc\/wp-json\/wp\/v2\/pages\/39\/revisions\/520"}],"up":[{"embeddable":true,"href":"https:\/\/klc-dz.com\/kinglc\/wp-json\/wp\/v2\/pages\/36"}],"wp:attachment":[{"href":"https:\/\/klc-dz.com\/kinglc\/wp-json\/wp\/v2\/media?parent=39"}],"curies":[{"name":"wp","href":"https:\/\/api.w.org\/{rel}","templated":true}]}}