{"id":38,"date":"2016-07-18T09:04:51","date_gmt":"2016-07-18T09:04:51","guid":{"rendered":"http:\/\/sw-themes.com\/porto_dummy\/?page_id=38"},"modified":"2021-03-21T08:00:09","modified_gmt":"2021-03-21T08:00:09","slug":"microsoft","status":"publish","type":"page","link":"https:\/\/klc-dz.com\/kinglc\/nos-partenaire\/microsoft\/","title":{"rendered":"MICROSOFT"},"content":{"rendered":"<p>[vc_row][vc_column][vc_custom_heading text=&#8221;Microsoft&#8221; use_theme_fonts=&#8221;yes&#8221; link=&#8221;url:https%3A%2F%2Fwww.microsoft.com%2Ffr-dz|||&#8221;][vc_column_text el_class=&#8221;lead&#8221;]<img decoding=\"async\" class=\"alignright\" style=\"text-align: justify;\" src=\"https:\/\/klc-dz.com\/kinglc\/wp-content\/uploads\/2021\/03\/mslogo.jpg\" alt=\"construction1\" \/>Microsoft Corporation\u00a0 est une multinationale informatique et micro-informatique am\u00e9ricaine, fond\u00e9e en 1975 par Bill Gates et Paul Allen. Microsoft fait partie des principales capitalisations boursi\u00e8res du NASDAQ8, aux c\u00f4t\u00e9s d&#8217;Apple et d&#8217;Amazon. En 2018, le chiffre d&#8217;affaires s\u2019\u00e9levait \u00e0 110,36 milliards de dollars. Elle est dirig\u00e9e, depuis le 4 f\u00e9vrier 2014, par Satya Nadella qui succ\u00e8de \u00e0 Steve Ballmer et Bill Gates en qualit\u00e9 de directeur g\u00e9n\u00e9ral. En 2020 l&#8217;entreprise emploie 148 000 personnes dans 120 pays.[\/vc_column_text][vc_column_text]Son activit\u00e9 principale consiste \u00e0 d\u00e9velopper et vendre des syst\u00e8mes d\u2019exploitation, des logiciels et des produits mat\u00e9riels d\u00e9riv\u00e9s. Les meilleures ventes historiques sont port\u00e9es par les syst\u00e8mes d\u2019exploitation MS-DOS puis Windows, et la suite bureautique Office, qui alimentent \u00e0 pr\u00e9sent une politique de diversification. Windows a atteint une position dominante sur les ordinateurs personnels, avec plus de 90 % de parts de march\u00e9 dans le monde12. Microsoft est pr\u00e9sent dans l&#8217;informatique en nuage (Azure), les sites Web (moteur de recherche Bing, r\u00e9seau social LinkedIn, messagerie \u00e9lectronique Outlook.com), les consoles de jeu vid\u00e9o (Xbox) et les tablettes PC (Surface).[\/vc_column_text][vc_row_inner][vc_column_inner][vc_gallery type=&#8221;nivo&#8221; interval=&#8221;3&#8243; source=&#8221;external_link&#8221; external_img_size=&#8221;1140&#215;430&#8243; custom_srcs=&#8221;#E-8_aHR0cCUzQSUyRiUyRmtsYy1kei5jb20lMkZraW5nbGMlMkZ3cC1jb250ZW50JTJGdXBsb2FkcyUyRjIwMjElMkYwMyUyRm1hdHRoZXctbWFudWVsLUJoTFNCWC0wcm5NLXVuc3BsYXNoLXNjYWxlZC5qcGclMkNodHRwJTNBJTJGJTJGa2xjLWR6LmNvbSUyRmtpbmdsYyUyRndwLWNvbnRlbnQlMkZ1cGxvYWRzJTJGMjAyMSUyRjAzJTJGdGFkYXMtc2FyLVQwMUdaaEJTeU1RLXVuc3BsYXNoLXNjYWxlZC5qcGclMkNodHRwJTNBJTJGJTJGa2xjLWR6LmNvbSUyRmtpbmdsYyUyRndwLWNvbnRlbnQlMkZ1cGxvYWRzJTJGMjAyMSUyRjAzJTJGMl9taWNyb3NvZnQuanBnJTJDaHR0cCUzQSUyRiUyRmtsYy1kei5jb20lMkZraW5nbGMlMkZ3cC1jb250ZW50JTJGdXBsb2FkcyUyRjIwMjElMkYwMyUyRnd1LXlpLVAxQ0ptYlJJZlNrLXVuc3BsYXNoLXNjYWxlZC5qcGc=&#8221; el_class=&#8221;nav-right&#8221;][\/vc_column_inner][\/vc_row_inner][\/vc_column][\/vc_row]<\/p>\n","protected":false},"excerpt":{"rendered":"<p>[vc_row][vc_column][vc_custom_heading text=&#8221;Microsoft&#8221; use_theme_fonts=&#8221;yes&#8221; link=&#8221;url:https%3A%2F%2Fwww.microsoft.com%2Ffr-dz|||&#8221;][vc_column_text el_class=&#8221;lead&#8221;]Microsoft Corporation\u00a0 est une multinationale informatique et micro-informatique am\u00e9ricaine, fond\u00e9e en 1975 par Bill Gates et Paul Allen. Microsoft fait partie des principales capitalisations boursi\u00e8res du NASDAQ8, aux c\u00f4t\u00e9s d&#8217;Apple et d&#8217;Amazon. En 2018, le chiffre d&#8217;affaires s\u2019\u00e9levait \u00e0 110,36 milliards de dollars. Elle est dirig\u00e9e, depuis le 4 f\u00e9vrier 2014, [&hellip;]<\/p>\n","protected":false},"author":1,"featured_media":0,"parent":36,"menu_order":0,"comment_status":"closed","ping_status":"closed","template":"","meta":{"_mo_disable_npp":""},"yoast_head":"<!-- This site is optimized with the Yoast SEO plugin v20.6 - https:\/\/yoast.com\/wordpress\/plugins\/seo\/ -->\n<title>MICROSOFT - KLC<\/title>\n<meta name=\"robots\" content=\"index, follow, max-snippet:-1, max-image-preview:large, max-video-preview:-1\" \/>\n<link rel=\"canonical\" href=\"https:\/\/klc-dz.com\/kinglc\/nos-partenaire\/microsoft\/\" \/>\n<meta property=\"og:locale\" content=\"fr_FR\" \/>\n<meta property=\"og:type\" content=\"article\" \/>\n<meta property=\"og:title\" content=\"MICROSOFT - KLC\" \/>\n<meta property=\"og:description\" content=\"[vc_row][vc_column][vc_custom_heading text=&#8221;Microsoft&#8221; use_theme_fonts=&#8221;yes&#8221; link=&#8221;url:https%3A%2F%2Fwww.microsoft.com%2Ffr-dz|||&#8221;][vc_column_text el_class=&#8221;lead&#8221;]Microsoft Corporation\u00a0 est une multinationale informatique et micro-informatique am\u00e9ricaine, fond\u00e9e en 1975 par Bill Gates et Paul Allen. Microsoft fait partie des principales capitalisations boursi\u00e8res du NASDAQ8, aux c\u00f4t\u00e9s d&#8217;Apple et d&#8217;Amazon. En 2018, le chiffre d&#8217;affaires s\u2019\u00e9levait \u00e0 110,36 milliards de dollars. Elle est dirig\u00e9e, depuis le 4 f\u00e9vrier 2014, [&hellip;]\" \/>\n<meta property=\"og:url\" content=\"https:\/\/klc-dz.com\/kinglc\/nos-partenaire\/microsoft\/\" \/>\n<meta property=\"og:site_name\" content=\"KLC\" \/>\n<meta property=\"article:modified_time\" content=\"2021-03-21T08:00:09+00:00\" \/>\n<meta property=\"og:image\" content=\"http:\/\/klc-dz.com\/kinglc\/wp-content\/uploads\/2021\/03\/mslogo.jpg\" \/>\n<meta name=\"twitter:card\" content=\"summary_large_image\" \/>\n<meta name=\"twitter:label1\" content=\"Est. reading time\" \/>\n\t<meta name=\"twitter:data1\" content=\"1 minute\" \/>\n<script type=\"application\/ld+json\" class=\"yoast-schema-graph\">{\"@context\":\"https:\/\/schema.org\",\"@graph\":[{\"@type\":\"WebPage\",\"@id\":\"https:\/\/klc-dz.com\/kinglc\/nos-partenaire\/microsoft\/\",\"url\":\"https:\/\/klc-dz.com\/kinglc\/nos-partenaire\/microsoft\/\",\"name\":\"MICROSOFT - KLC\",\"isPartOf\":{\"@id\":\"https:\/\/klc-dz.com\/kinglc\/#website\"},\"datePublished\":\"2016-07-18T09:04:51+00:00\",\"dateModified\":\"2021-03-21T08:00:09+00:00\",\"breadcrumb\":{\"@id\":\"https:\/\/klc-dz.com\/kinglc\/nos-partenaire\/microsoft\/#breadcrumb\"},\"inLanguage\":\"fr-FR\",\"potentialAction\":[{\"@type\":\"ReadAction\",\"target\":[\"https:\/\/klc-dz.com\/kinglc\/nos-partenaire\/microsoft\/\"]}]},{\"@type\":\"BreadcrumbList\",\"@id\":\"https:\/\/klc-dz.com\/kinglc\/nos-partenaire\/microsoft\/#breadcrumb\",\"itemListElement\":[{\"@type\":\"ListItem\",\"position\":1,\"name\":\"Home\",\"item\":\"https:\/\/klc-dz.com\/kinglc\/\"},{\"@type\":\"ListItem\",\"position\":2,\"name\":\"Nos Partenaire\",\"item\":\"https:\/\/klc-dz.com\/kinglc\/nos-partenaire\/\"},{\"@type\":\"ListItem\",\"position\":3,\"name\":\"MICROSOFT\"}]},{\"@type\":\"WebSite\",\"@id\":\"https:\/\/klc-dz.com\/kinglc\/#website\",\"url\":\"https:\/\/klc-dz.com\/kinglc\/\",\"name\":\"KLC\",\"description\":\"\",\"potentialAction\":[{\"@type\":\"SearchAction\",\"target\":{\"@type\":\"EntryPoint\",\"urlTemplate\":\"https:\/\/klc-dz.com\/kinglc\/?s={search_term_string}\"},\"query-input\":\"required name=search_term_string\"}],\"inLanguage\":\"fr-FR\"}]}<\/script>\n<!-- \/ Yoast SEO plugin. -->","yoast_head_json":{"title":"MICROSOFT - KLC","robots":{"index":"index","follow":"follow","max-snippet":"max-snippet:-1","max-image-preview":"max-image-preview:large","max-video-preview":"max-video-preview:-1"},"canonical":"https:\/\/klc-dz.com\/kinglc\/nos-partenaire\/microsoft\/","og_locale":"fr_FR","og_type":"article","og_title":"MICROSOFT - KLC","og_description":"[vc_row][vc_column][vc_custom_heading text=&#8221;Microsoft&#8221; use_theme_fonts=&#8221;yes&#8221; link=&#8221;url:https%3A%2F%2Fwww.microsoft.com%2Ffr-dz|||&#8221;][vc_column_text el_class=&#8221;lead&#8221;]Microsoft Corporation\u00a0 est une multinationale informatique et micro-informatique am\u00e9ricaine, fond\u00e9e en 1975 par Bill Gates et Paul Allen. Microsoft fait partie des principales capitalisations boursi\u00e8res du NASDAQ8, aux c\u00f4t\u00e9s d&#8217;Apple et d&#8217;Amazon. En 2018, le chiffre d&#8217;affaires s\u2019\u00e9levait \u00e0 110,36 milliards de dollars. Elle est dirig\u00e9e, depuis le 4 f\u00e9vrier 2014, [&hellip;]","og_url":"https:\/\/klc-dz.com\/kinglc\/nos-partenaire\/microsoft\/","og_site_name":"KLC","article_modified_time":"2021-03-21T08:00:09+00:00","og_image":[{"url":"http:\/\/klc-dz.com\/kinglc\/wp-content\/uploads\/2021\/03\/mslogo.jpg"}],"twitter_card":"summary_large_image","twitter_misc":{"Est. reading time":"1 minute"},"schema":{"@context":"https:\/\/schema.org","@graph":[{"@type":"WebPage","@id":"https:\/\/klc-dz.com\/kinglc\/nos-partenaire\/microsoft\/","url":"https:\/\/klc-dz.com\/kinglc\/nos-partenaire\/microsoft\/","name":"MICROSOFT - KLC","isPartOf":{"@id":"https:\/\/klc-dz.com\/kinglc\/#website"},"datePublished":"2016-07-18T09:04:51+00:00","dateModified":"2021-03-21T08:00:09+00:00","breadcrumb":{"@id":"https:\/\/klc-dz.com\/kinglc\/nos-partenaire\/microsoft\/#breadcrumb"},"inLanguage":"fr-FR","potentialAction":[{"@type":"ReadAction","target":["https:\/\/klc-dz.com\/kinglc\/nos-partenaire\/microsoft\/"]}]},{"@type":"BreadcrumbList","@id":"https:\/\/klc-dz.com\/kinglc\/nos-partenaire\/microsoft\/#breadcrumb","itemListElement":[{"@type":"ListItem","position":1,"name":"Home","item":"https:\/\/klc-dz.com\/kinglc\/"},{"@type":"ListItem","position":2,"name":"Nos Partenaire","item":"https:\/\/klc-dz.com\/kinglc\/nos-partenaire\/"},{"@type":"ListItem","position":3,"name":"MICROSOFT"}]},{"@type":"WebSite","@id":"https:\/\/klc-dz.com\/kinglc\/#website","url":"https:\/\/klc-dz.com\/kinglc\/","name":"KLC","description":"","potentialAction":[{"@type":"SearchAction","target":{"@type":"EntryPoint","urlTemplate":"https:\/\/klc-dz.com\/kinglc\/?s={search_term_string}"},"query-input":"required name=search_term_string"}],"inLanguage":"fr-FR"}]}},"_links":{"self":[{"href":"https:\/\/klc-dz.com\/kinglc\/wp-json\/wp\/v2\/pages\/38"}],"collection":[{"href":"https:\/\/klc-dz.com\/kinglc\/wp-json\/wp\/v2\/pages"}],"about":[{"href":"https:\/\/klc-dz.com\/kinglc\/wp-json\/wp\/v2\/types\/page"}],"author":[{"embeddable":true,"href":"https:\/\/klc-dz.com\/kinglc\/wp-json\/wp\/v2\/users\/1"}],"replies":[{"embeddable":true,"href":"https:\/\/klc-dz.com\/kinglc\/wp-json\/wp\/v2\/comments?post=38"}],"version-history":[{"count":8,"href":"https:\/\/klc-dz.com\/kinglc\/wp-json\/wp\/v2\/pages\/38\/revisions"}],"predecessor-version":[{"id":517,"href":"https:\/\/klc-dz.com\/kinglc\/wp-json\/wp\/v2\/pages\/38\/revisions\/517"}],"up":[{"embeddable":true,"href":"https:\/\/klc-dz.com\/kinglc\/wp-json\/wp\/v2\/pages\/36"}],"wp:attachment":[{"href":"https:\/\/klc-dz.com\/kinglc\/wp-json\/wp\/v2\/media?parent=38"}],"curies":[{"name":"wp","href":"https:\/\/api.w.org\/{rel}","templated":true}]}}